{"id":4160,"date":"2026-03-09T12:24:22","date_gmt":"2026-03-09T12:24:22","guid":{"rendered":"https:\/\/triskell.ch\/index.php\/baptisms\/"},"modified":"2026-03-25T13:10:16","modified_gmt":"2026-03-25T13:10:16","slug":"baptisms","status":"publish","type":"page","link":"https:\/\/triskell.ch\/fr\/baptisms\/","title":{"rendered":"Baptisms"},"content":{"rendered":"\t\t<div data-elementor-type=\"wp-page\" data-elementor-id=\"4160\" class=\"elementor elementor-4160 elementor-3858\">\n\t\t\t\t\t\t<div class=\"elementor-section elementor-top-section elementor-element elementor-element-2efd9a6 elementor-section-boxed elementor-section-height-default elementor-section-height-default wpr-particle-no wpr-jarallax-no wpr-parallax-no wpr-sticky-section-no\" data-id=\"2efd9a6\" data-element_type=\"section\" data-e-type=\"section\" data-settings=\"{&quot;background_background&quot;:&quot;classic&quot;,&quot;background_motion_fx_motion_fx_scrolling&quot;:&quot;yes&quot;,&quot;background_motion_fx_translateY_effect&quot;:&quot;yes&quot;,&quot;background_motion_fx_translateY_speed&quot;:{&quot;unit&quot;:&quot;px&quot;,&quot;size&quot;:3,&quot;sizes&quot;:[]},&quot;background_motion_fx_translateY_affectedRange&quot;:{&quot;unit&quot;:&quot;%&quot;,&quot;size&quot;:&quot;&quot;,&quot;sizes&quot;:{&quot;start&quot;:20,&quot;end&quot;:80}},&quot;background_motion_fx_devices&quot;:[&quot;desktop&quot;,&quot;tablet&quot;,&quot;mobile&quot;]}\">\n\t\t\t\t\t\t\t<div class=\"elementor-background-overlay\"><\/div>\n\t\t\t\t\t\t\t<div class=\"elementor-container elementor-column-gap-no\">\n\t\t\t\t\t<div class=\"elementor-column elementor-col-100 elementor-top-column elementor-element elementor-element-4ae7dbe\" data-id=\"4ae7dbe\" data-element_type=\"column\" data-e-type=\"column\">\n\t\t\t<div class=\"elementor-widget-wrap elementor-element-populated\">\n\t\t\t\t\t\t<div class=\"elementor-element elementor-element-7c2e473 elementor-widget elementor-widget-heading\" data-id=\"7c2e473\" data-element_type=\"widget\" data-e-type=\"widget\" data-widget_type=\"heading.default\">\n\t\t\t\t\t<h2 class=\"elementor-heading-title elementor-size-default\">Bapt\u00eames<\/h2>\t\t\t\t<\/div>\n\t\t\t\t\t<\/div>\n\t\t<\/div>\n\t\t\t\t\t<\/div>\n\t\t<\/div>\n\t\t\t\t<div class=\"elementor-section elementor-top-section elementor-element elementor-element-4e9f55d elementor-section-content-middle elementor-section-boxed elementor-section-height-default elementor-section-height-default wpr-particle-no wpr-jarallax-no wpr-parallax-no wpr-sticky-section-no\" data-id=\"4e9f55d\" data-element_type=\"section\" data-e-type=\"section\" data-settings=\"{&quot;background_background&quot;:&quot;classic&quot;}\">\n\t\t\t\t\t\t<div class=\"elementor-container elementor-column-gap-no\">\n\t\t\t\t\t<div class=\"elementor-column elementor-col-50 elementor-top-column elementor-element elementor-element-ce522cd\" data-id=\"ce522cd\" data-element_type=\"column\" data-e-type=\"column\">\n\t\t\t<div class=\"elementor-widget-wrap elementor-element-populated\">\n\t\t\t\t\t\t<div class=\"elementor-element elementor-element-91053a2 elementor-widget-tablet__width-initial elementor-widget elementor-widget-heading\" data-id=\"91053a2\" data-element_type=\"widget\" data-e-type=\"widget\" data-widget_type=\"heading.default\">\n\t\t\t\t\t<h2 class=\"elementor-heading-title elementor-size-default\">Bienvenue dans l'aventure de la vie\n<\/h2>\t\t\t\t<\/div>\n\t\t\t\t<div class=\"elementor-element elementor-element-747eacd elementor-widget-divider--view-line elementor-widget elementor-widget-divider\" data-id=\"747eacd\" data-element_type=\"widget\" data-e-type=\"widget\" data-widget_type=\"divider.default\">\n\t\t\t\t\t\t\t<div class=\"elementor-divider\">\n\t\t\t<span class=\"elementor-divider-separator\">\n\t\t\t\t\t\t<\/span>\n\t\t<\/div>\n\t\t\t\t\t\t<\/div>\n\t\t\t\t<div class=\"elementor-element elementor-element-dff769f elementor-widget elementor-widget-text-editor\" data-id=\"dff769f\" data-element_type=\"widget\" data-e-type=\"widget\" data-widget_type=\"text-editor.default\">\n\t\t\t\t\t\t\t\t\t<p>Votre b\u00e9b\u00e9 est n\u00e9 \u2013 f\u00e9licitations !<\/p><p>Pleins d\u2019amour et de bonheur, vous avez d\u00e9j\u00e0 pr\u00e9sent\u00e9 votre petit tr\u00e9sor \u00e0 votre famille et \u00e0 vos amis les plus proches. Vous souhaitez maintenant accueillir le nouveau membre de la famille au cours du rituel solennel d\u2019un bapt\u00eame libre.<\/p><p>Depuis toujours, les hommes c\u00e9l\u00e8brent l\u2019arriv\u00e9e de nouveaux membres de la communaut\u00e9 par des rituels particuliers. Un bapt\u00eame libre est une c\u00e9r\u00e9monie de bienvenue et donc une belle alternative \u00e0 un bapt\u00eame traditionnel \u00e0 l\u2019\u00e9glise. Vous \u00eates totalement libres d\u2019organiser une f\u00eate selon vos souhaits et vos id\u00e9es. Le bapt\u00eame libre est en outre non confessionnel et peut \u00eatre organis\u00e9 dans le lieu qui vous convient le mieux \u00e0 vous et \u00e0 votre petit tr\u00e9sor.<\/p>\t\t\t\t\t\t\t\t<\/div>\n\t\t\t\t\t<\/div>\n\t\t<\/div>\n\t\t\t\t<div class=\"elementor-column elementor-col-50 elementor-top-column elementor-element elementor-element-8507205\" data-id=\"8507205\" data-element_type=\"column\" data-e-type=\"column\">\n\t\t\t<div class=\"elementor-widget-wrap elementor-element-populated\">\n\t\t\t\t\t\t<div class=\"elementor-element elementor-element-509337f elementor-arrows-position-inside elementor-widget elementor-widget-image-carousel\" data-id=\"509337f\" data-element_type=\"widget\" data-e-type=\"widget\" data-settings=\"{&quot;slides_to_show&quot;:&quot;1&quot;,&quot;navigation&quot;:&quot;arrows&quot;,&quot;autoplay&quot;:&quot;yes&quot;,&quot;pause_on_hover&quot;:&quot;yes&quot;,&quot;pause_on_interaction&quot;:&quot;yes&quot;,&quot;autoplay_speed&quot;:5000,&quot;infinite&quot;:&quot;yes&quot;,&quot;effect&quot;:&quot;slide&quot;,&quot;speed&quot;:500}\" data-widget_type=\"image-carousel.default\">\n\t\t\t\t\t\t\t<div class=\"elementor-image-carousel-wrapper swiper\" role=\"region\" aria-roledescription=\"carousel\" aria-label=\"Image Carousel\" dir=\"ltr\">\n\t\t\t<div class=\"elementor-image-carousel swiper-wrapper\" aria-live=\"off\">\n\t\t\t\t\t\t\t\t<div class=\"swiper-slide\" role=\"group\" aria-roledescription=\"slide\" aria-label=\"1 sur 7\"><a data-elementor-open-lightbox=\"yes\" data-elementor-lightbox-slideshow=\"509337f\" data-elementor-lightbox-title=\"a\" data-e-action-hash=\"#elementor-action%3Aaction%3Dlightbox%26settings%3DeyJpZCI6NDU0MiwidXJsIjoiaHR0cHM6XC9cL3RyaXNrZWxsLmNoXC93cC1jb250ZW50XC91cGxvYWRzXC8yMDI2XC8wM1wvYS0xLmpwZyIsInNsaWRlc2hvdyI6IjUwOTMzN2YifQ%3D%3D\" href=\"https:\/\/triskell.ch\/wp-content\/uploads\/2026\/03\/a-1.jpg\"><figure class=\"swiper-slide-inner\"><img decoding=\"async\" class=\"swiper-slide-image\" src=\"https:\/\/triskell.ch\/wp-content\/uploads\/2026\/03\/a-1.jpg\" alt=\"a\" \/><\/figure><\/a><\/div><div class=\"swiper-slide\" role=\"group\" aria-roledescription=\"slide\" aria-label=\"2 sur 7\"><a data-elementor-open-lightbox=\"yes\" data-elementor-lightbox-slideshow=\"509337f\" data-elementor-lightbox-title=\"b\" data-e-action-hash=\"#elementor-action%3Aaction%3Dlightbox%26settings%3DeyJpZCI6NDU0MywidXJsIjoiaHR0cHM6XC9cL3RyaXNrZWxsLmNoXC93cC1jb250ZW50XC91cGxvYWRzXC8yMDI2XC8wM1wvYi0xLmpwZyIsInNsaWRlc2hvdyI6IjUwOTMzN2YifQ%3D%3D\" href=\"https:\/\/triskell.ch\/wp-content\/uploads\/2026\/03\/b-1.jpg\"><figure class=\"swiper-slide-inner\"><img decoding=\"async\" class=\"swiper-slide-image\" src=\"https:\/\/triskell.ch\/wp-content\/uploads\/2026\/03\/b-1.jpg\" alt=\"b\" \/><\/figure><\/a><\/div><div class=\"swiper-slide\" role=\"group\" aria-roledescription=\"slide\" aria-label=\"3 sur 7\"><a data-elementor-open-lightbox=\"yes\" data-elementor-lightbox-slideshow=\"509337f\" data-elementor-lightbox-title=\"c\" data-e-action-hash=\"#elementor-action%3Aaction%3Dlightbox%26settings%3DeyJpZCI6NDU0NCwidXJsIjoiaHR0cHM6XC9cL3RyaXNrZWxsLmNoXC93cC1jb250ZW50XC91cGxvYWRzXC8yMDI2XC8wM1wvYy0xLmpwZyIsInNsaWRlc2hvdyI6IjUwOTMzN2YifQ%3D%3D\" href=\"https:\/\/triskell.ch\/wp-content\/uploads\/2026\/03\/c-1.jpg\"><figure class=\"swiper-slide-inner\"><img decoding=\"async\" class=\"swiper-slide-image\" src=\"https:\/\/triskell.ch\/wp-content\/uploads\/2026\/03\/c-1.jpg\" alt=\"c\" \/><\/figure><\/a><\/div><div class=\"swiper-slide\" role=\"group\" aria-roledescription=\"slide\" aria-label=\"4 sur 7\"><a data-elementor-open-lightbox=\"yes\" data-elementor-lightbox-slideshow=\"509337f\" data-elementor-lightbox-title=\"d\" data-e-action-hash=\"#elementor-action%3Aaction%3Dlightbox%26settings%3DeyJpZCI6NDU0NSwidXJsIjoiaHR0cHM6XC9cL3RyaXNrZWxsLmNoXC93cC1jb250ZW50XC91cGxvYWRzXC8yMDI2XC8wM1wvZC0xLmpwZyIsInNsaWRlc2hvdyI6IjUwOTMzN2YifQ%3D%3D\" href=\"https:\/\/triskell.ch\/wp-content\/uploads\/2026\/03\/d-1.jpg\"><figure class=\"swiper-slide-inner\"><img decoding=\"async\" class=\"swiper-slide-image\" src=\"https:\/\/triskell.ch\/wp-content\/uploads\/2026\/03\/d-1.jpg\" alt=\"d\" \/><\/figure><\/a><\/div><div class=\"swiper-slide\" role=\"group\" aria-roledescription=\"slide\" aria-label=\"5 sur 7\"><a data-elementor-open-lightbox=\"yes\" data-elementor-lightbox-slideshow=\"509337f\" data-elementor-lightbox-title=\"e\" data-e-action-hash=\"#elementor-action%3Aaction%3Dlightbox%26settings%3DeyJpZCI6NDU0NiwidXJsIjoiaHR0cHM6XC9cL3RyaXNrZWxsLmNoXC93cC1jb250ZW50XC91cGxvYWRzXC8yMDI2XC8wM1wvZS0xLmpwZyIsInNsaWRlc2hvdyI6IjUwOTMzN2YifQ%3D%3D\" href=\"https:\/\/triskell.ch\/wp-content\/uploads\/2026\/03\/e-1.jpg\"><figure class=\"swiper-slide-inner\"><img decoding=\"async\" class=\"swiper-slide-image\" src=\"https:\/\/triskell.ch\/wp-content\/uploads\/2026\/03\/e-1.jpg\" alt=\"e\" \/><\/figure><\/a><\/div><div class=\"swiper-slide\" role=\"group\" aria-roledescription=\"slide\" aria-label=\"6 sur 7\"><a data-elementor-open-lightbox=\"yes\" data-elementor-lightbox-slideshow=\"509337f\" data-elementor-lightbox-title=\"f\" data-e-action-hash=\"#elementor-action%3Aaction%3Dlightbox%26settings%3DeyJpZCI6NDU0NywidXJsIjoiaHR0cHM6XC9cL3RyaXNrZWxsLmNoXC93cC1jb250ZW50XC91cGxvYWRzXC8yMDI2XC8wM1wvZi0xLmpwZyIsInNsaWRlc2hvdyI6IjUwOTMzN2YifQ%3D%3D\" href=\"https:\/\/triskell.ch\/wp-content\/uploads\/2026\/03\/f-1.jpg\"><figure class=\"swiper-slide-inner\"><img decoding=\"async\" class=\"swiper-slide-image\" src=\"https:\/\/triskell.ch\/wp-content\/uploads\/2026\/03\/f-1.jpg\" alt=\"f\" \/><\/figure><\/a><\/div><div class=\"swiper-slide\" role=\"group\" aria-roledescription=\"slide\" aria-label=\"7 sur 7\"><a data-elementor-open-lightbox=\"yes\" data-elementor-lightbox-slideshow=\"509337f\" data-elementor-lightbox-title=\"g\" data-e-action-hash=\"#elementor-action%3Aaction%3Dlightbox%26settings%3DeyJpZCI6NDU0OCwidXJsIjoiaHR0cHM6XC9cL3RyaXNrZWxsLmNoXC93cC1jb250ZW50XC91cGxvYWRzXC8yMDI2XC8wM1wvZy0xLmpwZyIsInNsaWRlc2hvdyI6IjUwOTMzN2YifQ%3D%3D\" href=\"https:\/\/triskell.ch\/wp-content\/uploads\/2026\/03\/g-1.jpg\"><figure class=\"swiper-slide-inner\"><img decoding=\"async\" class=\"swiper-slide-image\" src=\"https:\/\/triskell.ch\/wp-content\/uploads\/2026\/03\/g-1.jpg\" alt=\"g\" \/><\/figure><\/a><\/div>\t\t\t<\/div>\n\t\t\t\t\t\t\t\t\t\t\t\t<div class=\"elementor-swiper-button elementor-swiper-button-prev\" role=\"button\" tabindex=\"0\">\n\t\t\t\t\t\t<svg aria-hidden=\"true\" class=\"e-font-icon-svg e-eicon-chevron-left\" viewBox=\"0 0 1000 1000\" xmlns=\"http:\/\/www.w3.org\/2000\/svg\"><path d=\"M646 125C629 125 613 133 604 142L308 442C296 454 292 471 292 487 292 504 296 521 308 533L604 854C617 867 629 875 646 875 663 875 679 871 692 858 704 846 713 829 713 812 713 796 708 779 692 767L438 487 692 225C700 217 708 204 708 187 708 171 704 154 692 142 675 129 663 125 646 125Z\"><\/path><\/svg>\t\t\t\t\t<\/div>\n\t\t\t\t\t<div class=\"elementor-swiper-button elementor-swiper-button-next\" role=\"button\" tabindex=\"0\">\n\t\t\t\t\t\t<svg aria-hidden=\"true\" class=\"e-font-icon-svg e-eicon-chevron-right\" viewBox=\"0 0 1000 1000\" xmlns=\"http:\/\/www.w3.org\/2000\/svg\"><path d=\"M696 533C708 521 713 504 713 487 713 471 708 454 696 446L400 146C388 133 375 125 354 125 338 125 325 129 313 142 300 154 292 171 292 187 292 204 296 221 308 233L563 492 304 771C292 783 288 800 288 817 288 833 296 850 308 863 321 871 338 875 354 875 371 875 388 867 400 854L696 533Z\"><\/path><\/svg>\t\t\t\t\t<\/div>\n\t\t\t\t\n\t\t\t\t\t\t\t\t\t<\/div>\n\t\t\t\t\t\t<\/div>\n\t\t\t\t\t<\/div>\n\t\t<\/div>\n\t\t\t\t\t<\/div>\n\t\t<\/div>\n\t\t\t\t<div class=\"elementor-section elementor-top-section elementor-element elementor-element-65110d7 elementor-section-content-middle elementor-section-boxed elementor-section-height-default elementor-section-height-default wpr-particle-no wpr-jarallax-no wpr-parallax-no wpr-sticky-section-no\" data-id=\"65110d7\" data-element_type=\"section\" data-e-type=\"section\" data-settings=\"{&quot;background_background&quot;:&quot;classic&quot;}\">\n\t\t\t\t\t\t<div class=\"elementor-container elementor-column-gap-no\">\n\t\t\t\t\t<div class=\"elementor-column elementor-col-100 elementor-top-column elementor-element elementor-element-5de04d4\" data-id=\"5de04d4\" data-element_type=\"column\" data-e-type=\"column\">\n\t\t\t<div class=\"elementor-widget-wrap elementor-element-populated\">\n\t\t\t\t\t\t<div class=\"elementor-element elementor-element-a005a88 elementor-widget elementor-widget-text-editor\" data-id=\"a005a88\" data-element_type=\"widget\" data-e-type=\"widget\" data-widget_type=\"text-editor.default\">\n\t\t\t\t\t\t\t\t\t<p>Im gemeinsamen Gespr\u00e4ch kl\u00e4ren wir Eure Vorstellungen f\u00fcr die freie Taufe. Anschliessend planen wir die Zeremonie gemeinsam und f\u00fchren sie so durch, dass sie Euch ein Leben lang kraftvoll und einzigartig in Erinnerung bleibt.<\/p><p>Ich freue mich auf Euch!<\/p><p>Eure individuelle Taufe \u2013 Namensgebung \u2013 Willkommensfeier kostet<br \/>CHF 1\u2019200.00 f\u00fcr ein Kind.<br \/>Pro weiteres Kind werden CHF 200.00 berechnet.<\/p><p>F\u00fcr Zeremonien an einem Sonntag oder Wochentag (Montag \u2013 Donnerstag) kann ich (Andrea) 10% Rabatt anbieten!<br \/><br \/><\/p><p>Ce montant comprend toutes les d\u00e9penses li\u00e9es \u00e0 la pr\u00e9paration et au d\u00e9roulement de la c\u00e9r\u00e9monie.<\/p><p>Pour les lieux situ\u00e9s \u00e0 moins de 50 km du site 4565 Recherswil (c\u00e9r\u00e9monie avec Andrea) &amp; 50 km du site 6206 Neuenkirch (c\u00e9r\u00e9monie avec Selina), il n\u2019y a pas de frais suppl\u00e9mentaires. Pour les distances sup\u00e9rieures, les kilom\u00e8tres suppl\u00e9mentaires (plus de 50 km) sont factur\u00e9s \u00e0 hauteur de CHF 0.70\/km. Les temps de d\u00e9placement sont factur\u00e9s \u00e0 hauteur de CHF 80.00\/h pour les distances suppl\u00e9mentaires. Pour les frais de d\u00e9placement sup\u00e9rieurs \u00e0 la moyenne, par exemple pour les mariages \u00e0 l\u2019\u00e9tranger, nous convenons ensemble d\u2019un forfait de d\u00e9placement.<\/p><p>Gr\u00e2ce \u00e0 l\u2019installation professionnelle de haut-parleurs que j\u2019apporte, m\u00eame les invit\u00e9s du dernier rang comprennent tout parfaitement.Si vous souhaitez int\u00e9grer un Handfasting en couple \u00e0 votre bapt\u00eame libre, un suppl\u00e9ment de CHF 200.00 sera factur\u00e9.<\/p>\t\t\t\t\t\t\t\t<\/div>\n\t\t\t\t\t<\/div>\n\t\t<\/div>\n\t\t\t\t\t<\/div>\n\t\t<\/div>\n\t\t\t\t<div class=\"elementor-section elementor-top-section elementor-element elementor-element-a1a52dd elementor-section-height-min-height elementor-section-full_width elementor-section-items-bottom elementor-section-height-default wpr-particle-no wpr-jarallax-no wpr-parallax-no wpr-sticky-section-no\" data-id=\"a1a52dd\" data-element_type=\"section\" data-e-type=\"section\" data-settings=\"{&quot;background_background&quot;:&quot;video&quot;,&quot;background_motion_fx_translateY_effect&quot;:&quot;yes&quot;,&quot;background_video_link&quot;:&quot;https:\\\/\\\/triskell.ch\\\/wp-content\\\/uploads\\\/2026\\\/03\\\/IMG_9093.mp4&quot;,&quot;background_play_on_mobile&quot;:&quot;yes&quot;,&quot;background_motion_fx_translateY_speed&quot;:{&quot;unit&quot;:&quot;px&quot;,&quot;size&quot;:3,&quot;sizes&quot;:[]},&quot;background_motion_fx_translateY_affectedRange&quot;:{&quot;unit&quot;:&quot;%&quot;,&quot;size&quot;:&quot;&quot;,&quot;sizes&quot;:{&quot;start&quot;:20,&quot;end&quot;:80}},&quot;background_motion_fx_devices&quot;:[&quot;desktop&quot;,&quot;tablet&quot;,&quot;mobile&quot;]}\">\n\t\t\t\t\t\t\t\t<div class=\"elementor-background-video-container\">\n\t\t\t\t\t\t\t\t\t\t\t\t\t<video class=\"elementor-background-video-hosted\" role=\"presentation\" autoplay muted playsinline loop><\/video>\n\t\t\t\t\t\t\t\t\t\t\t<\/div>\n\t\t\t\t\t\t\t\t\t<div class=\"elementor-background-overlay\"><\/div>\n\t\t\t\t\t\t\t<div class=\"elementor-container elementor-column-gap-no\">\n\t\t\t\t\t<div class=\"elementor-column elementor-col-100 elementor-top-column elementor-element elementor-element-4f467fd\" data-id=\"4f467fd\" data-element_type=\"column\" data-e-type=\"column\">\n\t\t\t<div class=\"elementor-widget-wrap elementor-element-populated\">\n\t\t\t\t\t\t<div class=\"elementor-element elementor-element-7d4a09c elementor-widget elementor-widget-text-editor\" data-id=\"7d4a09c\" data-element_type=\"widget\" data-e-type=\"widget\" data-widget_type=\"text-editor.default\">\n\t\t\t\t\t\t\t\t\t<p>Video by:\u00a0<a href=\"http:\/\/www.salzmannmedia.ch\/\">www.salzmannmedia.ch<\/a>\u00a0 |\u00a0 Setting by:\u00a0<a href=\"http:\/\/www.yourdayyourway.ch\/\">www.yourdayyourway.ch<\/a>. | Stolze Mutter des Taufkindes:\u00a0<a href=\"http:\/\/www.estherguggisberg.com\/\">www.estherguggisberg.com<\/a><\/p>\t\t\t\t\t\t\t\t<\/div>\n\t\t\t\t\t<\/div>\n\t\t<\/div>\n\t\t\t\t\t<\/div>\n\t\t<\/div>\n\t\t<div class=\"elementor-element elementor-element-37e6449 e-flex e-con-boxed wpr-particle-no wpr-jarallax-no wpr-parallax-no wpr-sticky-section-no e-con e-parent\" data-id=\"37e6449\" data-element_type=\"container\" data-e-type=\"container\" data-settings=\"{&quot;background_background&quot;:&quot;classic&quot;}\">\n\t\t\t\t\t<div class=\"e-con-inner\">\n\t\t\t\t<div class=\"elementor-element elementor-element-9c1e81a elementor-widget elementor-widget-heading\" data-id=\"9c1e81a\" data-element_type=\"widget\" data-e-type=\"widget\" data-widget_type=\"heading.default\">\n\t\t\t\t\t<h2 class=\"elementor-heading-title elementor-size-default\">Demande gratuite\n<\/h2>\t\t\t\t<\/div>\n\t\t\t\t<div class=\"elementor-element elementor-element-e0f3d33 elementor-widget elementor-widget-html\" data-id=\"e0f3d33\" data-element_type=\"widget\" data-e-type=\"widget\" data-widget_type=\"html.default\">\n\t\t\t\t\t<div class=\"js-hm-form\" data-theme=\"modern2Columns\" data-form-id=\"5ee96d12-21bd-4f81-b18f-8f1db5673f4d\"><\/div><script src=\"https:\/\/app.kreativ.management:443\/ContactForm\/GetContactFormWidget\"><\/script>\t\t\t\t<\/div>\n\t\t\t\t\t<\/div>\n\t\t\t\t<\/div>\n\t\t\t\t<\/div>\n\t\t","protected":false},"excerpt":{"rendered":"<p>Bapt\u00eames Bienvenue dans l&rsquo;aventure de la vie Votre b\u00e9b\u00e9 est n\u00e9 \u2013 f\u00e9licitations ! Pleins d\u2019amour et de bonheur, vous avez d\u00e9j\u00e0 pr\u00e9sent\u00e9 votre petit tr\u00e9sor \u00e0 votre famille et \u00e0 vos amis les plus proches. Vous<\/p>\n","protected":false},"author":1,"featured_media":0,"parent":0,"menu_order":0,"comment_status":"closed","ping_status":"closed","template":"","meta":{"_acf_changed":false,"footnotes":""},"class_list":["post-4160","page","type-page","status-publish","hentry"],"acf":[],"_links":{"self":[{"href":"https:\/\/triskell.ch\/fr\/wp-json\/wp\/v2\/pages\/4160","targetHints":{"allow":["GET"]}}],"collection":[{"href":"https:\/\/triskell.ch\/fr\/wp-json\/wp\/v2\/pages"}],"about":[{"href":"https:\/\/triskell.ch\/fr\/wp-json\/wp\/v2\/types\/page"}],"author":[{"embeddable":true,"href":"https:\/\/triskell.ch\/fr\/wp-json\/wp\/v2\/users\/1"}],"replies":[{"embeddable":true,"href":"https:\/\/triskell.ch\/fr\/wp-json\/wp\/v2\/comments?post=4160"}],"version-history":[{"count":25,"href":"https:\/\/triskell.ch\/fr\/wp-json\/wp\/v2\/pages\/4160\/revisions"}],"predecessor-version":[{"id":10220,"href":"https:\/\/triskell.ch\/fr\/wp-json\/wp\/v2\/pages\/4160\/revisions\/10220"}],"wp:attachment":[{"href":"https:\/\/triskell.ch\/fr\/wp-json\/wp\/v2\/media?parent=4160"}],"curies":[{"name":"wp","href":"https:\/\/api.w.org\/{rel}","templated":true}]}}