{"id":4288,"date":"2026-03-09T11:49:04","date_gmt":"2026-03-09T11:49:04","guid":{"rendered":"https:\/\/triskell.ch\/index.php\/divorces\/"},"modified":"2026-03-25T07:51:43","modified_gmt":"2026-03-25T07:51:43","slug":"divorces","status":"publish","type":"page","link":"https:\/\/triskell.ch\/fr\/divorces\/","title":{"rendered":"Divorces"},"content":{"rendered":"\t\t<div data-elementor-type=\"wp-page\" data-elementor-id=\"4288\" class=\"elementor elementor-4288 elementor-3778\">\n\t\t\t\t\t\t<div class=\"elementor-section elementor-top-section elementor-element elementor-element-ac7fa1c elementor-section-boxed elementor-section-height-default elementor-section-height-default wpr-particle-no wpr-jarallax-no wpr-parallax-no wpr-sticky-section-no\" data-id=\"ac7fa1c\" data-element_type=\"section\" data-e-type=\"section\" data-settings=\"{&quot;background_background&quot;:&quot;classic&quot;,&quot;background_motion_fx_motion_fx_scrolling&quot;:&quot;yes&quot;,&quot;background_motion_fx_translateY_effect&quot;:&quot;yes&quot;,&quot;background_motion_fx_translateY_speed&quot;:{&quot;unit&quot;:&quot;px&quot;,&quot;size&quot;:3,&quot;sizes&quot;:[]},&quot;background_motion_fx_translateY_affectedRange&quot;:{&quot;unit&quot;:&quot;%&quot;,&quot;size&quot;:&quot;&quot;,&quot;sizes&quot;:{&quot;start&quot;:20,&quot;end&quot;:80}},&quot;background_motion_fx_devices&quot;:[&quot;desktop&quot;,&quot;tablet&quot;,&quot;mobile&quot;]}\">\n\t\t\t\t\t\t\t<div class=\"elementor-background-overlay\"><\/div>\n\t\t\t\t\t\t\t<div class=\"elementor-container elementor-column-gap-no\">\n\t\t\t\t\t<div class=\"elementor-column elementor-col-100 elementor-top-column elementor-element elementor-element-7f74c6c\" data-id=\"7f74c6c\" data-element_type=\"column\" data-e-type=\"column\">\n\t\t\t<div class=\"elementor-widget-wrap elementor-element-populated\">\n\t\t\t\t\t\t<div class=\"elementor-element elementor-element-c216982 elementor-widget elementor-widget-heading\" data-id=\"c216982\" data-element_type=\"widget\" data-e-type=\"widget\" data-widget_type=\"heading.default\">\n\t\t\t\t\t<h2 class=\"elementor-heading-title elementor-size-default\">Divorces<\/h2>\t\t\t\t<\/div>\n\t\t\t\t\t<\/div>\n\t\t<\/div>\n\t\t\t\t\t<\/div>\n\t\t<\/div>\n\t\t\t\t<div class=\"elementor-section elementor-top-section elementor-element elementor-element-62fc5c8 elementor-section-content-middle elementor-section-boxed elementor-section-height-default elementor-section-height-default wpr-particle-no wpr-jarallax-no wpr-parallax-no wpr-sticky-section-no\" data-id=\"62fc5c8\" data-element_type=\"section\" data-e-type=\"section\" data-settings=\"{&quot;background_background&quot;:&quot;classic&quot;}\">\n\t\t\t\t\t\t<div class=\"elementor-container elementor-column-gap-no\">\n\t\t\t\t\t<div class=\"elementor-column elementor-col-50 elementor-top-column elementor-element elementor-element-8ee26fa\" data-id=\"8ee26fa\" data-element_type=\"column\" data-e-type=\"column\">\n\t\t\t<div class=\"elementor-widget-wrap elementor-element-populated\">\n\t\t\t\t\t\t<div class=\"elementor-element elementor-element-6521617 elementor-widget-tablet__width-initial elementor-widget elementor-widget-heading\" data-id=\"6521617\" data-element_type=\"widget\" data-e-type=\"widget\" data-widget_type=\"heading.default\">\n\t\t\t\t\t<h2 class=\"elementor-heading-title elementor-size-default\">L\u00e2cher prise pour pouvoir aller de l'avant<\/h2>\t\t\t\t<\/div>\n\t\t\t\t<div class=\"elementor-element elementor-element-f5bf123 elementor-widget-divider--view-line elementor-widget elementor-widget-divider\" data-id=\"f5bf123\" data-element_type=\"widget\" data-e-type=\"widget\" data-widget_type=\"divider.default\">\n\t\t\t\t\t\t\t<div class=\"elementor-divider\">\n\t\t\t<span class=\"elementor-divider-separator\">\n\t\t\t\t\t\t<\/span>\n\t\t<\/div>\n\t\t\t\t\t\t<\/div>\n\t\t\t\t<div class=\"elementor-element elementor-element-31c82eb elementor-widget elementor-widget-text-editor\" data-id=\"31c82eb\" data-element_type=\"widget\" data-e-type=\"widget\" data-widget_type=\"text-editor.default\">\n\t\t\t\t\t\t\t\t\t<p>Dans ce rituel, nous prenons le temps d\u2019honorer votre relation, puis nous vous permettons de lib\u00e9rer votre promesse de mariage mutuelle.<br \/>Vous vous remerciez l\u2019un l\u2019autre pour le chemin parcouru ensemble et vous vous offrez la possibilit\u00e9 de continuer seul.<\/p><p>Le divorce, tout comme le mariage, m\u00e9rite un rituel attentif. De telles c\u00e9r\u00e9monies sont \u00e9galement appel\u00e9es c\u00e9r\u00e9monies de l\u2019espoir.<\/p><p>Les deux partenaires ne sont pas toujours pr\u00eats \u00e0 faire une c\u00e9r\u00e9monie de divorce. Bien s\u00fbr, il est agr\u00e9able de pouvoir \u00e9galement c\u00e9l\u00e9brer ensemble cette partie, la fin d\u2019un parcours commun\u2026 mais ce n\u2019est pas une obligation. Une c\u00e9r\u00e9monie de divorce peut aussi se faire seul !<\/p>\t\t\t\t\t\t\t\t<\/div>\n\t\t\t\t<div class=\"elementor-element elementor-element-714461a elementor-icon-list--layout-traditional elementor-list-item-link-full_width elementor-widget elementor-widget-icon-list\" data-id=\"714461a\" data-element_type=\"widget\" data-e-type=\"widget\" data-widget_type=\"icon-list.default\">\n\t\t\t\t\t\t\t<ul class=\"elementor-icon-list-items\">\n\t\t\t\t\t\t\t<li class=\"elementor-icon-list-item\">\n\t\t\t\t\t\t\t\t\t\t\t<span class=\"elementor-icon-list-icon\">\n\t\t\t\t\t\t\t<svg aria-hidden=\"true\" class=\"e-font-icon-svg e-fas-check-circle\" viewBox=\"0 0 512 512\" xmlns=\"http:\/\/www.w3.org\/2000\/svg\"><path d=\"M504 256c0 136.967-111.033 248-248 248S8 392.967 8 256 119.033 8 256 8s248 111.033 248 248zM227.314 387.314l184-184c6.248-6.248 6.248-16.379 0-22.627l-22.627-22.627c-6.248-6.249-16.379-6.249-22.628 0L216 308.118l-70.059-70.059c-6.248-6.248-16.379-6.248-22.628 0l-22.627 22.627c-6.248 6.248-6.248 16.379 0 22.627l104 104c6.249 6.249 16.379 6.249 22.628.001z\"><\/path><\/svg>\t\t\t\t\t\t<\/span>\n\t\t\t\t\t\t\t\t\t\t<span class=\"elementor-icon-list-text\">Pour couper ce qui n'est plus<\/span>\n\t\t\t\t\t\t\t\t\t<\/li>\n\t\t\t\t\t\t\t\t<li class=\"elementor-icon-list-item\">\n\t\t\t\t\t\t\t\t\t\t\t<span class=\"elementor-icon-list-icon\">\n\t\t\t\t\t\t\t<svg aria-hidden=\"true\" class=\"e-font-icon-svg e-fas-check-circle\" viewBox=\"0 0 512 512\" xmlns=\"http:\/\/www.w3.org\/2000\/svg\"><path d=\"M504 256c0 136.967-111.033 248-248 248S8 392.967 8 256 119.033 8 256 8s248 111.033 248 248zM227.314 387.314l184-184c6.248-6.248 6.248-16.379 0-22.627l-22.627-22.627c-6.248-6.249-16.379-6.249-22.628 0L216 308.118l-70.059-70.059c-6.248-6.248-16.379-6.248-22.628 0l-22.627 22.627c-6.248 6.248-6.248 16.379 0 22.627l104 104c6.249 6.249 16.379 6.249 22.628.001z\"><\/path><\/svg>\t\t\t\t\t\t<\/span>\n\t\t\t\t\t\t\t\t\t\t<span class=\"elementor-icon-list-text\">Dire merci pour ce qui a \u00e9t\u00e9<\/span>\n\t\t\t\t\t\t\t\t\t<\/li>\n\t\t\t\t\t\t\t\t<li class=\"elementor-icon-list-item\">\n\t\t\t\t\t\t\t\t\t\t\t<span class=\"elementor-icon-list-icon\">\n\t\t\t\t\t\t\t<svg aria-hidden=\"true\" class=\"e-font-icon-svg e-fas-check-circle\" viewBox=\"0 0 512 512\" xmlns=\"http:\/\/www.w3.org\/2000\/svg\"><path d=\"M504 256c0 136.967-111.033 248-248 248S8 392.967 8 256 119.033 8 256 8s248 111.033 248 248zM227.314 387.314l184-184c6.248-6.248 6.248-16.379 0-22.627l-22.627-22.627c-6.248-6.249-16.379-6.249-22.628 0L216 308.118l-70.059-70.059c-6.248-6.248-16.379-6.248-22.628 0l-22.627 22.627c-6.248 6.248-6.248 16.379 0 22.627l104 104c6.249 6.249 16.379 6.249 22.628.001z\"><\/path><\/svg>\t\t\t\t\t\t<\/span>\n\t\t\t\t\t\t\t\t\t\t<span class=\"elementor-icon-list-text\">Laisser aller ce dont tu n'as plus besoin<\/span>\n\t\t\t\t\t\t\t\t\t<\/li>\n\t\t\t\t\t\t\t\t<li class=\"elementor-icon-list-item\">\n\t\t\t\t\t\t\t\t\t\t\t<span class=\"elementor-icon-list-icon\">\n\t\t\t\t\t\t\t<svg aria-hidden=\"true\" class=\"e-font-icon-svg e-fas-check-circle\" viewBox=\"0 0 512 512\" xmlns=\"http:\/\/www.w3.org\/2000\/svg\"><path d=\"M504 256c0 136.967-111.033 248-248 248S8 392.967 8 256 119.033 8 256 8s248 111.033 248 248zM227.314 387.314l184-184c6.248-6.248 6.248-16.379 0-22.627l-22.627-22.627c-6.248-6.249-16.379-6.249-22.628 0L216 308.118l-70.059-70.059c-6.248-6.248-16.379-6.248-22.628 0l-22.627 22.627c-6.248 6.248-6.248 16.379 0 22.627l104 104c6.249 6.249 16.379 6.249 22.628.001z\"><\/path><\/svg>\t\t\t\t\t\t<\/span>\n\t\t\t\t\t\t\t\t\t\t<span class=\"elementor-icon-list-text\">Dis oui \u00e0 TOI-m\u00eame !<\/span>\n\t\t\t\t\t\t\t\t\t<\/li>\n\t\t\t\t\t\t<\/ul>\n\t\t\t\t\t\t<\/div>\n\t\t\t\t\t<\/div>\n\t\t<\/div>\n\t\t\t\t<div class=\"elementor-column elementor-col-50 elementor-top-column elementor-element elementor-element-5d1b4db\" data-id=\"5d1b4db\" data-element_type=\"column\" data-e-type=\"column\">\n\t\t\t<div class=\"elementor-widget-wrap elementor-element-populated\">\n\t\t\t\t\t\t<div class=\"elementor-element elementor-element-6ac3787 elementor-arrows-position-inside elementor-widget elementor-widget-image-carousel\" data-id=\"6ac3787\" data-element_type=\"widget\" data-e-type=\"widget\" data-settings=\"{&quot;slides_to_show&quot;:&quot;1&quot;,&quot;navigation&quot;:&quot;arrows&quot;,&quot;autoplay&quot;:&quot;yes&quot;,&quot;pause_on_hover&quot;:&quot;yes&quot;,&quot;pause_on_interaction&quot;:&quot;yes&quot;,&quot;autoplay_speed&quot;:5000,&quot;infinite&quot;:&quot;yes&quot;,&quot;effect&quot;:&quot;slide&quot;,&quot;speed&quot;:500}\" data-widget_type=\"image-carousel.default\">\n\t\t\t\t\t\t\t<div class=\"elementor-image-carousel-wrapper swiper\" role=\"region\" aria-roledescription=\"carousel\" aria-label=\"Image Carousel\" dir=\"ltr\">\n\t\t\t<div class=\"elementor-image-carousel swiper-wrapper\" aria-live=\"off\">\n\t\t\t\t\t\t\t\t<div class=\"swiper-slide\" role=\"group\" aria-roledescription=\"slide\" aria-label=\"1 sur 10\"><a data-elementor-open-lightbox=\"yes\" data-elementor-lightbox-slideshow=\"6ac3787\" data-elementor-lightbox-title=\"1\" data-e-action-hash=\"#elementor-action%3Aaction%3Dlightbox%26settings%3DeyJpZCI6NDU3MSwidXJsIjoiaHR0cHM6XC9cL3RyaXNrZWxsLmNoXC93cC1jb250ZW50XC91cGxvYWRzXC8yMDI2XC8wM1wvMS0yLmpwZyIsInNsaWRlc2hvdyI6IjZhYzM3ODcifQ%3D%3D\" href=\"https:\/\/triskell.ch\/wp-content\/uploads\/2026\/03\/1-2.jpg\"><figure class=\"swiper-slide-inner\"><img decoding=\"async\" class=\"swiper-slide-image\" src=\"https:\/\/triskell.ch\/wp-content\/uploads\/2026\/03\/1-2.jpg\" alt=\"1\" \/><\/figure><\/a><\/div><div class=\"swiper-slide\" role=\"group\" aria-roledescription=\"slide\" aria-label=\"2 sur 10\"><a data-elementor-open-lightbox=\"yes\" data-elementor-lightbox-slideshow=\"6ac3787\" data-elementor-lightbox-title=\"2\" data-e-action-hash=\"#elementor-action%3Aaction%3Dlightbox%26settings%3DeyJpZCI6NDU3MiwidXJsIjoiaHR0cHM6XC9cL3RyaXNrZWxsLmNoXC93cC1jb250ZW50XC91cGxvYWRzXC8yMDI2XC8wM1wvMi0yLmpwZyIsInNsaWRlc2hvdyI6IjZhYzM3ODcifQ%3D%3D\" href=\"https:\/\/triskell.ch\/wp-content\/uploads\/2026\/03\/2-2.jpg\"><figure class=\"swiper-slide-inner\"><img decoding=\"async\" class=\"swiper-slide-image\" src=\"https:\/\/triskell.ch\/wp-content\/uploads\/2026\/03\/2-2.jpg\" alt=\"2\" \/><\/figure><\/a><\/div><div class=\"swiper-slide\" role=\"group\" aria-roledescription=\"slide\" aria-label=\"3 sur 10\"><a data-elementor-open-lightbox=\"yes\" data-elementor-lightbox-slideshow=\"6ac3787\" data-elementor-lightbox-title=\"3\" data-e-action-hash=\"#elementor-action%3Aaction%3Dlightbox%26settings%3DeyJpZCI6NDU3MywidXJsIjoiaHR0cHM6XC9cL3RyaXNrZWxsLmNoXC93cC1jb250ZW50XC91cGxvYWRzXC8yMDI2XC8wM1wvMy0yLmpwZyIsInNsaWRlc2hvdyI6IjZhYzM3ODcifQ%3D%3D\" href=\"https:\/\/triskell.ch\/wp-content\/uploads\/2026\/03\/3-2.jpg\"><figure class=\"swiper-slide-inner\"><img decoding=\"async\" class=\"swiper-slide-image\" src=\"https:\/\/triskell.ch\/wp-content\/uploads\/2026\/03\/3-2.jpg\" alt=\"3\" \/><\/figure><\/a><\/div><div class=\"swiper-slide\" role=\"group\" aria-roledescription=\"slide\" aria-label=\"4 sur 10\"><a data-elementor-open-lightbox=\"yes\" data-elementor-lightbox-slideshow=\"6ac3787\" data-elementor-lightbox-title=\"4\" data-e-action-hash=\"#elementor-action%3Aaction%3Dlightbox%26settings%3DeyJpZCI6NDU3NCwidXJsIjoiaHR0cHM6XC9cL3RyaXNrZWxsLmNoXC93cC1jb250ZW50XC91cGxvYWRzXC8yMDI2XC8wM1wvNC0yLmpwZyIsInNsaWRlc2hvdyI6IjZhYzM3ODcifQ%3D%3D\" href=\"https:\/\/triskell.ch\/wp-content\/uploads\/2026\/03\/4-2.jpg\"><figure class=\"swiper-slide-inner\"><img decoding=\"async\" class=\"swiper-slide-image\" src=\"https:\/\/triskell.ch\/wp-content\/uploads\/2026\/03\/4-2.jpg\" alt=\"4\" \/><\/figure><\/a><\/div><div class=\"swiper-slide\" role=\"group\" aria-roledescription=\"slide\" aria-label=\"5 sur 10\"><a data-elementor-open-lightbox=\"yes\" data-elementor-lightbox-slideshow=\"6ac3787\" data-elementor-lightbox-title=\"5\" data-e-action-hash=\"#elementor-action%3Aaction%3Dlightbox%26settings%3DeyJpZCI6NDU3NSwidXJsIjoiaHR0cHM6XC9cL3RyaXNrZWxsLmNoXC93cC1jb250ZW50XC91cGxvYWRzXC8yMDI2XC8wM1wvNS0xLmpwZyIsInNsaWRlc2hvdyI6IjZhYzM3ODcifQ%3D%3D\" href=\"https:\/\/triskell.ch\/wp-content\/uploads\/2026\/03\/5-1.jpg\"><figure class=\"swiper-slide-inner\"><img decoding=\"async\" class=\"swiper-slide-image\" src=\"https:\/\/triskell.ch\/wp-content\/uploads\/2026\/03\/5-1.jpg\" alt=\"5\" \/><\/figure><\/a><\/div><div class=\"swiper-slide\" role=\"group\" aria-roledescription=\"slide\" aria-label=\"6 sur 10\"><a data-elementor-open-lightbox=\"yes\" data-elementor-lightbox-slideshow=\"6ac3787\" data-elementor-lightbox-title=\"6\" data-e-action-hash=\"#elementor-action%3Aaction%3Dlightbox%26settings%3DeyJpZCI6NDU3NiwidXJsIjoiaHR0cHM6XC9cL3RyaXNrZWxsLmNoXC93cC1jb250ZW50XC91cGxvYWRzXC8yMDI2XC8wM1wvNi0yLmpwZyIsInNsaWRlc2hvdyI6IjZhYzM3ODcifQ%3D%3D\" href=\"https:\/\/triskell.ch\/wp-content\/uploads\/2026\/03\/6-2.jpg\"><figure class=\"swiper-slide-inner\"><img decoding=\"async\" class=\"swiper-slide-image\" src=\"https:\/\/triskell.ch\/wp-content\/uploads\/2026\/03\/6-2.jpg\" alt=\"6\" \/><\/figure><\/a><\/div><div class=\"swiper-slide\" role=\"group\" aria-roledescription=\"slide\" aria-label=\"7 sur 10\"><a data-elementor-open-lightbox=\"yes\" data-elementor-lightbox-slideshow=\"6ac3787\" data-elementor-lightbox-title=\"7\" data-e-action-hash=\"#elementor-action%3Aaction%3Dlightbox%26settings%3DeyJpZCI6NDU3NywidXJsIjoiaHR0cHM6XC9cL3RyaXNrZWxsLmNoXC93cC1jb250ZW50XC91cGxvYWRzXC8yMDI2XC8wM1wvNy0xLmpwZyIsInNsaWRlc2hvdyI6IjZhYzM3ODcifQ%3D%3D\" href=\"https:\/\/triskell.ch\/wp-content\/uploads\/2026\/03\/7-1.jpg\"><figure class=\"swiper-slide-inner\"><img decoding=\"async\" class=\"swiper-slide-image\" src=\"https:\/\/triskell.ch\/wp-content\/uploads\/2026\/03\/7-1.jpg\" alt=\"7\" \/><\/figure><\/a><\/div><div class=\"swiper-slide\" role=\"group\" aria-roledescription=\"slide\" aria-label=\"8 sur 10\"><a data-elementor-open-lightbox=\"yes\" data-elementor-lightbox-slideshow=\"6ac3787\" data-elementor-lightbox-title=\"8\" data-e-action-hash=\"#elementor-action%3Aaction%3Dlightbox%26settings%3DeyJpZCI6NDU3OCwidXJsIjoiaHR0cHM6XC9cL3RyaXNrZWxsLmNoXC93cC1jb250ZW50XC91cGxvYWRzXC8yMDI2XC8wM1wvOC5qcGciLCJzbGlkZXNob3ciOiI2YWMzNzg3In0%3D\" href=\"https:\/\/triskell.ch\/wp-content\/uploads\/2026\/03\/8.jpg\"><figure class=\"swiper-slide-inner\"><img decoding=\"async\" class=\"swiper-slide-image\" src=\"https:\/\/triskell.ch\/wp-content\/uploads\/2026\/03\/8.jpg\" alt=\"8\" \/><\/figure><\/a><\/div><div class=\"swiper-slide\" role=\"group\" aria-roledescription=\"slide\" aria-label=\"9 sur 10\"><a data-elementor-open-lightbox=\"yes\" data-elementor-lightbox-slideshow=\"6ac3787\" data-elementor-lightbox-title=\"10\" data-e-action-hash=\"#elementor-action%3Aaction%3Dlightbox%26settings%3DeyJpZCI6NDU3OSwidXJsIjoiaHR0cHM6XC9cL3RyaXNrZWxsLmNoXC93cC1jb250ZW50XC91cGxvYWRzXC8yMDI2XC8wM1wvMTAuanBnIiwic2xpZGVzaG93IjoiNmFjMzc4NyJ9\" href=\"https:\/\/triskell.ch\/wp-content\/uploads\/2026\/03\/10.jpg\"><figure class=\"swiper-slide-inner\"><img decoding=\"async\" class=\"swiper-slide-image\" src=\"https:\/\/triskell.ch\/wp-content\/uploads\/2026\/03\/10.jpg\" alt=\"10\" \/><\/figure><\/a><\/div><div class=\"swiper-slide\" role=\"group\" aria-roledescription=\"slide\" aria-label=\"10 sur 10\"><a data-elementor-open-lightbox=\"yes\" data-elementor-lightbox-slideshow=\"6ac3787\" data-elementor-lightbox-title=\"DSC_3506-604x580-1\" data-e-action-hash=\"#elementor-action%3Aaction%3Dlightbox%26settings%3DeyJpZCI6NDU4MCwidXJsIjoiaHR0cHM6XC9cL3RyaXNrZWxsLmNoXC93cC1jb250ZW50XC91cGxvYWRzXC8yMDI2XC8wM1wvRFNDXzM1MDYtNjA0eDU4MC0xLmpwZyIsInNsaWRlc2hvdyI6IjZhYzM3ODcifQ%3D%3D\" href=\"https:\/\/triskell.ch\/wp-content\/uploads\/2026\/03\/DSC_3506-604x580-1.jpg\"><figure class=\"swiper-slide-inner\"><img decoding=\"async\" class=\"swiper-slide-image\" src=\"https:\/\/triskell.ch\/wp-content\/uploads\/2026\/03\/DSC_3506-604x580-1.jpg\" alt=\"DSC_3506-604x580-1\" \/><\/figure><\/a><\/div>\t\t\t<\/div>\n\t\t\t\t\t\t\t\t\t\t\t\t<div class=\"elementor-swiper-button elementor-swiper-button-prev\" role=\"button\" tabindex=\"0\">\n\t\t\t\t\t\t<svg aria-hidden=\"true\" class=\"e-font-icon-svg e-eicon-chevron-left\" viewBox=\"0 0 1000 1000\" xmlns=\"http:\/\/www.w3.org\/2000\/svg\"><path d=\"M646 125C629 125 613 133 604 142L308 442C296 454 292 471 292 487 292 504 296 521 308 533L604 854C617 867 629 875 646 875 663 875 679 871 692 858 704 846 713 829 713 812 713 796 708 779 692 767L438 487 692 225C700 217 708 204 708 187 708 171 704 154 692 142 675 129 663 125 646 125Z\"><\/path><\/svg>\t\t\t\t\t<\/div>\n\t\t\t\t\t<div class=\"elementor-swiper-button elementor-swiper-button-next\" role=\"button\" tabindex=\"0\">\n\t\t\t\t\t\t<svg aria-hidden=\"true\" class=\"e-font-icon-svg e-eicon-chevron-right\" viewBox=\"0 0 1000 1000\" xmlns=\"http:\/\/www.w3.org\/2000\/svg\"><path d=\"M696 533C708 521 713 504 713 487 713 471 708 454 696 446L400 146C388 133 375 125 354 125 338 125 325 129 313 142 300 154 292 171 292 187 292 204 296 221 308 233L563 492 304 771C292 783 288 800 288 817 288 833 296 850 308 863 321 871 338 875 354 875 371 875 388 867 400 854L696 533Z\"><\/path><\/svg>\t\t\t\t\t<\/div>\n\t\t\t\t\n\t\t\t\t\t\t\t\t\t<\/div>\n\t\t\t\t\t\t<\/div>\n\t\t\t\t\t<\/div>\n\t\t<\/div>\n\t\t\t\t\t<\/div>\n\t\t<\/div>\n\t\t\t\t<div class=\"elementor-section elementor-top-section elementor-element elementor-element-6690c87 elementor-section-boxed elementor-section-height-default elementor-section-height-default wpr-particle-no wpr-jarallax-no wpr-parallax-no wpr-sticky-section-no\" data-id=\"6690c87\" data-element_type=\"section\" data-e-type=\"section\" data-settings=\"{&quot;background_background&quot;:&quot;classic&quot;,&quot;background_motion_fx_motion_fx_scrolling&quot;:&quot;yes&quot;,&quot;background_motion_fx_translateY_effect&quot;:&quot;yes&quot;,&quot;background_motion_fx_translateY_speed&quot;:{&quot;unit&quot;:&quot;px&quot;,&quot;size&quot;:3,&quot;sizes&quot;:[]},&quot;background_motion_fx_translateY_affectedRange&quot;:{&quot;unit&quot;:&quot;%&quot;,&quot;size&quot;:&quot;&quot;,&quot;sizes&quot;:{&quot;start&quot;:20,&quot;end&quot;:80}},&quot;background_motion_fx_devices&quot;:[&quot;desktop&quot;,&quot;tablet&quot;,&quot;mobile&quot;]}\">\n\t\t\t\t\t\t\t<div class=\"elementor-background-overlay\"><\/div>\n\t\t\t\t\t\t\t<div class=\"elementor-container elementor-column-gap-no\">\n\t\t\t\t\t<div class=\"elementor-column elementor-col-100 elementor-top-column elementor-element elementor-element-56010a7\" data-id=\"56010a7\" data-element_type=\"column\" data-e-type=\"column\">\n\t\t\t<div class=\"elementor-widget-wrap elementor-element-populated\">\n\t\t\t\t\t\t<div class=\"elementor-element elementor-element-509404f elementor-widget elementor-widget-text-editor\" data-id=\"509404f\" data-element_type=\"widget\" data-e-type=\"widget\" data-widget_type=\"text-editor.default\">\n\t\t\t\t\t\t\t\t\t<p>Prix \u200b\u200bde la c\u00e9r\u00e9monie de divorce :<\/p><p>1 s\u00e9ance pr\u00e9paratoire incluant la c\u00e9r\u00e9monie de divorce <br \/>CHF 800<\/p><p>Parfois, la fin d&rsquo;un mariage marque le d\u00e9but d&rsquo;un nouveau chapitre. C\u00e9l\u00e9brer le l\u00e2cher-prise et les nouveaux d\u00e9parts ! Une c\u00e9r\u00e9monie de divorce, c&rsquo;est dire adieu pour faire place \u00e0 de nouvelles possibilit\u00e9s. Je suis convaincue que l\u00e2cher prise est le premier pas vers le bonheur.<\/p><p>Cette c\u00e9r\u00e9monie est l&rsquo;occasion d&rsquo;honorer le pass\u00e9, de dire merci et de savoir que l&rsquo;avenir est prometteur et riche d&rsquo;opportunit\u00e9s. Elle offre un espace pour partager ses \u00e9motions, pardonner et faire la paix. Car c&rsquo;est seulement en l\u00e2chant prise que l&rsquo;on peut v\u00e9ritablement avancer.<\/p><p>Ce serait un honneur pour moi de vous accompagner dans ce cheminement de transformation et de c\u00e9l\u00e9brer ensemble le fait qu&rsquo;une fin peut aussi \u00eatre un commencement.<\/p>\t\t\t\t\t\t\t\t<\/div>\n\t\t<div class=\"elementor-element elementor-element-3055f15 e-con-full e-flex wpr-particle-no wpr-jarallax-no wpr-parallax-no wpr-sticky-section-no e-con e-parent\" data-id=\"3055f15\" data-element_type=\"container\" data-e-type=\"container\">\n\t\t<div class=\"elementor-element elementor-element-8800afb e-con-full e-flex wpr-particle-no wpr-jarallax-no wpr-parallax-no wpr-sticky-section-no e-con e-child\" data-id=\"8800afb\" data-element_type=\"container\" data-e-type=\"container\">\n\t\t<div class=\"elementor-element elementor-element-ed34acb e-con-full e-flex wpr-particle-no wpr-jarallax-no wpr-parallax-no wpr-sticky-section-no e-con e-child\" data-id=\"ed34acb\" data-element_type=\"container\" data-e-type=\"container\">\n\t\t\t\t<div class=\"elementor-element elementor-element-73dcae1 elementor-widget elementor-widget-video\" data-id=\"73dcae1\" data-element_type=\"widget\" data-e-type=\"widget\" data-settings=\"{&quot;youtube_url&quot;:&quot;https:\\\/\\\/youtu.be\\\/M-A114DK0To&quot;,&quot;video_type&quot;:&quot;youtube&quot;,&quot;controls&quot;:&quot;yes&quot;}\" data-widget_type=\"video.default\">\n\t\t\t\t\t\t\t<div class=\"elementor-wrapper elementor-open-inline\">\n\t\t\t<div class=\"elementor-video\"><\/div>\t\t<\/div>\n\t\t\t\t\t\t<\/div>\n\t\t\t\t<\/div>\n\t\t<div class=\"elementor-element elementor-element-181c8cd e-con-full e-flex wpr-particle-no wpr-jarallax-no wpr-parallax-no wpr-sticky-section-no e-con e-child\" data-id=\"181c8cd\" data-element_type=\"container\" data-e-type=\"container\">\n\t\t\t\t<div class=\"elementor-element elementor-element-752d705 elementor-widget elementor-widget-video\" data-id=\"752d705\" data-element_type=\"widget\" data-e-type=\"widget\" data-settings=\"{&quot;youtube_url&quot;:&quot;https:\\\/\\\/youtu.be\\\/KDYMP_p6s7w&quot;,&quot;video_type&quot;:&quot;youtube&quot;,&quot;controls&quot;:&quot;yes&quot;}\" data-widget_type=\"video.default\">\n\t\t\t\t\t\t\t<div class=\"elementor-wrapper elementor-open-inline\">\n\t\t\t<div class=\"elementor-video\"><\/div>\t\t<\/div>\n\t\t\t\t\t\t<\/div>\n\t\t\t\t<\/div>\n\t\t\t\t<\/div>\n\t\t\t\t<div class=\"elementor-element elementor-element-eb7d9b1 elementor-widget elementor-widget-text-editor\" data-id=\"eb7d9b1\" data-element_type=\"widget\" data-e-type=\"widget\" data-widget_type=\"text-editor.default\">\n\t\t\t\t\t\t\t\t\t<p>Les images du diaporama proviennent des photographes suivants : www.jenny-zioerjen.com \u2013 www.routscher.ch \u2013 www.fotomeitschi.com | La bande-annonce vid\u00e9o provient de : www.routscher.ch<br \/>Mannequins : Amanda Janiec \u2013 David Nydegger \u2013 Yvonne Coassin<\/p>\t\t\t\t\t\t\t\t<\/div>\n\t\t\t\t<\/div>\n\t\t\t\t\t<\/div>\n\t\t<\/div>\n\t\t\t\t\t<\/div>\n\t\t<\/div>\n\t\t<div class=\"elementor-element elementor-element-b82ca4b e-flex e-con-boxed wpr-particle-no wpr-jarallax-no wpr-parallax-no wpr-sticky-section-no e-con e-parent\" data-id=\"b82ca4b\" data-element_type=\"container\" data-e-type=\"container\" data-settings=\"{&quot;background_background&quot;:&quot;classic&quot;}\">\n\t\t\t\t\t<div class=\"e-con-inner\">\n\t\t\t\t<div class=\"elementor-element elementor-element-f6dcaa1 elementor-widget elementor-widget-heading\" data-id=\"f6dcaa1\" data-element_type=\"widget\" data-e-type=\"widget\" data-widget_type=\"heading.default\">\n\t\t\t\t\t<h2 class=\"elementor-heading-title elementor-size-default\">Demande gratuite\n<\/h2>\t\t\t\t<\/div>\n\t\t\t\t<div class=\"elementor-element elementor-element-0c1adfa elementor-widget elementor-widget-html\" data-id=\"0c1adfa\" data-element_type=\"widget\" data-e-type=\"widget\" data-widget_type=\"html.default\">\n\t\t\t\t\t<div class=\"js-hm-form\" data-theme=\"modern2Columns\" data-form-id=\"5ee96d12-21bd-4f81-b18f-8f1db5673f4d\"><\/div><script src=\"https:\/\/app.kreativ.management:443\/ContactForm\/GetContactFormWidget\"><\/script>\t\t\t\t<\/div>\n\t\t\t\t\t<\/div>\n\t\t\t\t<\/div>\n\t\t\t\t<\/div>\n\t\t","protected":false},"excerpt":{"rendered":"<p>Divorces L\u00e2cher prise pour pouvoir aller de l&rsquo;avant Dans ce rituel, nous prenons le temps d\u2019honorer votre relation, puis nous vous permettons de lib\u00e9rer votre promesse de mariage mutuelle.Vous vous remerciez l\u2019un l\u2019autre pour le chemin parcouru<\/p>\n","protected":false},"author":1,"featured_media":0,"parent":0,"menu_order":0,"comment_status":"closed","ping_status":"closed","template":"","meta":{"_acf_changed":false,"footnotes":""},"class_list":["post-4288","page","type-page","status-publish","hentry"],"acf":[],"_links":{"self":[{"href":"https:\/\/triskell.ch\/fr\/wp-json\/wp\/v2\/pages\/4288","targetHints":{"allow":["GET"]}}],"collection":[{"href":"https:\/\/triskell.ch\/fr\/wp-json\/wp\/v2\/pages"}],"about":[{"href":"https:\/\/triskell.ch\/fr\/wp-json\/wp\/v2\/types\/page"}],"author":[{"embeddable":true,"href":"https:\/\/triskell.ch\/fr\/wp-json\/wp\/v2\/users\/1"}],"replies":[{"embeddable":true,"href":"https:\/\/triskell.ch\/fr\/wp-json\/wp\/v2\/comments?post=4288"}],"version-history":[{"count":22,"href":"https:\/\/triskell.ch\/fr\/wp-json\/wp\/v2\/pages\/4288\/revisions"}],"predecessor-version":[{"id":10107,"href":"https:\/\/triskell.ch\/fr\/wp-json\/wp\/v2\/pages\/4288\/revisions\/10107"}],"wp:attachment":[{"href":"https:\/\/triskell.ch\/fr\/wp-json\/wp\/v2\/media?parent=4288"}],"curies":[{"name":"wp","href":"https:\/\/api.w.org\/{rel}","templated":true}]}}