{"id":4314,"date":"2026-03-09T11:20:42","date_gmt":"2026-03-09T11:20:42","guid":{"rendered":"https:\/\/triskell.ch\/index.php\/animal-farewells\/"},"modified":"2026-03-27T14:24:39","modified_gmt":"2026-03-27T14:24:39","slug":"animal-farewells","status":"publish","type":"page","link":"https:\/\/triskell.ch\/fr\/animal-farewells\/","title":{"rendered":"Animal farewells"},"content":{"rendered":"\t\t<div data-elementor-type=\"wp-page\" data-elementor-id=\"4314\" class=\"elementor elementor-4314 elementor-3753\">\n\t\t\t\t\t\t<div class=\"elementor-section elementor-top-section elementor-element elementor-element-b40f810 elementor-section-boxed elementor-section-height-default elementor-section-height-default wpr-particle-no wpr-jarallax-no wpr-parallax-no wpr-sticky-section-no\" data-id=\"b40f810\" data-element_type=\"section\" data-e-type=\"section\" data-settings=\"{&quot;background_background&quot;:&quot;classic&quot;,&quot;background_motion_fx_motion_fx_scrolling&quot;:&quot;yes&quot;,&quot;background_motion_fx_translateY_effect&quot;:&quot;yes&quot;,&quot;background_motion_fx_translateY_speed&quot;:{&quot;unit&quot;:&quot;px&quot;,&quot;size&quot;:3,&quot;sizes&quot;:[]},&quot;background_motion_fx_translateY_affectedRange&quot;:{&quot;unit&quot;:&quot;%&quot;,&quot;size&quot;:&quot;&quot;,&quot;sizes&quot;:{&quot;start&quot;:20,&quot;end&quot;:80}},&quot;background_motion_fx_devices&quot;:[&quot;desktop&quot;,&quot;tablet&quot;,&quot;mobile&quot;]}\">\n\t\t\t\t\t\t\t<div class=\"elementor-background-overlay\"><\/div>\n\t\t\t\t\t\t\t<div class=\"elementor-container elementor-column-gap-no\">\n\t\t\t\t\t<div class=\"elementor-column elementor-col-100 elementor-top-column elementor-element elementor-element-be7b151\" data-id=\"be7b151\" data-element_type=\"column\" data-e-type=\"column\">\n\t\t\t<div class=\"elementor-widget-wrap elementor-element-populated\">\n\t\t\t\t\t\t<div class=\"elementor-element elementor-element-a58becc elementor-widget elementor-widget-heading\" data-id=\"a58becc\" data-element_type=\"widget\" data-e-type=\"widget\" data-widget_type=\"heading.default\">\n\t\t\t\t\t<h2 class=\"elementor-heading-title elementor-size-default\">Abris pour animaux\n<\/h2>\t\t\t\t<\/div>\n\t\t\t\t\t<\/div>\n\t\t<\/div>\n\t\t\t\t\t<\/div>\n\t\t<\/div>\n\t\t\t\t<div class=\"elementor-section elementor-top-section elementor-element elementor-element-606dd05 elementor-section-content-middle elementor-section-boxed elementor-section-height-default elementor-section-height-default wpr-particle-no wpr-jarallax-no wpr-parallax-no wpr-sticky-section-no\" data-id=\"606dd05\" data-element_type=\"section\" data-e-type=\"section\" data-settings=\"{&quot;background_background&quot;:&quot;classic&quot;}\">\n\t\t\t\t\t\t<div class=\"elementor-container elementor-column-gap-no\">\n\t\t\t\t\t<div class=\"elementor-column elementor-col-50 elementor-top-column elementor-element elementor-element-3cea340\" data-id=\"3cea340\" data-element_type=\"column\" data-e-type=\"column\">\n\t\t\t<div class=\"elementor-widget-wrap elementor-element-populated\">\n\t\t\t\t\t\t<div class=\"elementor-element elementor-element-2ea338f elementor-widget elementor-widget-image\" data-id=\"2ea338f\" data-element_type=\"widget\" data-e-type=\"widget\" data-widget_type=\"image.default\">\n\t\t\t\t\t\t\t\t\t\t\t\t\t\t\t<img fetchpriority=\"high\" decoding=\"async\" width=\"2048\" height=\"1365\" src=\"https:\/\/triskell.ch\/wp-content\/uploads\/2026\/03\/36-gut-2048x1365-1.jpg\" class=\"attachment-full size-full wp-image-4584\" alt=\"\" srcset=\"https:\/\/triskell.ch\/wp-content\/uploads\/2026\/03\/36-gut-2048x1365-1.jpg 2048w, https:\/\/triskell.ch\/wp-content\/uploads\/2026\/03\/36-gut-2048x1365-1-1536x1024.jpg 1536w\" sizes=\"(max-width: 2048px) 100vw, 2048px\" \/>\t\t\t\t\t\t\t\t\t\t\t\t\t\t\t<\/div>\n\t\t\t\t\t<\/div>\n\t\t<\/div>\n\t\t\t\t<div class=\"elementor-column elementor-col-50 elementor-top-column elementor-element elementor-element-b9a31b3\" data-id=\"b9a31b3\" data-element_type=\"column\" data-e-type=\"column\">\n\t\t\t<div class=\"elementor-widget-wrap elementor-element-populated\">\n\t\t\t\t\t\t<div class=\"elementor-element elementor-element-f6f5f19 elementor-widget elementor-widget-heading\" data-id=\"f6f5f19\" data-element_type=\"widget\" data-e-type=\"widget\" data-widget_type=\"heading.default\">\n\t\t\t\t\t<h2 class=\"elementor-heading-title elementor-size-default\">Abris pour animaux<\/h2>\t\t\t\t<\/div>\n\t\t\t\t<div class=\"elementor-element elementor-element-5cb4020 elementor-widget-divider--view-line elementor-widget elementor-widget-divider\" data-id=\"5cb4020\" data-element_type=\"widget\" data-e-type=\"widget\" data-widget_type=\"divider.default\">\n\t\t\t\t\t\t\t<div class=\"elementor-divider\">\n\t\t\t<span class=\"elementor-divider-separator\">\n\t\t\t\t\t\t<\/span>\n\t\t<\/div>\n\t\t\t\t\t\t<\/div>\n\t\t\t\t<div class=\"elementor-element elementor-element-987a45d elementor-widget elementor-widget-text-editor\" data-id=\"987a45d\" data-element_type=\"widget\" data-e-type=\"widget\" data-widget_type=\"text-editor.default\">\n\t\t\t\t\t\t\t\t\t<p>Les animaux domestiques ont leur place dans notre vie. Pendant des ann\u00e9es, ils nous accompagnent avec une fid\u00e9lit\u00e9 inconditionnelle. A la fin de notre parcours commun, ils ont droit \u00e0 l\u2019adieu qu\u2019ils m\u00e9ritent.<\/p><p>Lorsqu\u2019un animal meurt, nous ne savons souvent pas quoi faire de nous. Nous sommes agit\u00e9s, remplis du d\u00e9sir ardent de faire encore quelque chose pour notre animal, de pouvoir encore une fois entrer en contact avec lui d\u2019une mani\u00e8re ou d\u2019une autre. Les activit\u00e9s pratiques peuvent avoir un effet tr\u00e8s b\u00e9n\u00e9fique. Les rituels de deuil nous permettent de prouver encore une fois notre affection \u00e0 notre animal, de le sentir et d\u2019\u00eatre proche de lui \u2013 mais aussi de lui dire adieu.<\/p><p>Les rituels de deuil sont toujours des rituels de transition. Ils r\u00e9p\u00e8tent symboliquement l\u2019exp\u00e9rience d\u00e9cisive pour la rendre plus compr\u00e9hensible, ils marquent la fin d\u2019un chapitre important de notre vie et ouvrent ainsi la voie \u00e0 long terme \u00e0 un nouveau chapitre.<\/p>\t\t\t\t\t\t\t\t<\/div>\n\t\t\t\t\t<\/div>\n\t\t<\/div>\n\t\t\t\t\t<\/div>\n\t\t<\/div>\n\t\t<div class=\"elementor-element elementor-element-1c3a289 e-flex e-con-boxed wpr-particle-no wpr-jarallax-no wpr-parallax-no wpr-sticky-section-no e-con e-parent\" data-id=\"1c3a289\" data-element_type=\"container\" data-e-type=\"container\" data-settings=\"{&quot;background_background&quot;:&quot;classic&quot;}\">\n\t\t\t\t\t<div class=\"e-con-inner\">\n\t\t\t\t<div class=\"elementor-element elementor-element-a975923 elementor-widget elementor-widget-heading\" data-id=\"a975923\" data-element_type=\"widget\" data-e-type=\"widget\" data-widget_type=\"heading.default\">\n\t\t\t\t\t<h2 class=\"elementor-heading-title elementor-size-default\">Demande gratuite\n<\/h2>\t\t\t\t<\/div>\n\t\t\t\t<div class=\"elementor-element elementor-element-ee544dc elementor-widget elementor-widget-html\" data-id=\"ee544dc\" data-element_type=\"widget\" data-e-type=\"widget\" data-widget_type=\"html.default\">\n\t\t\t\t\t<div class=\"js-hm-form\" data-theme=\"modern2Columns\" data-form-id=\"5ee96d12-21bd-4f81-b18f-8f1db5673f4d\"><\/div><script src=\"https:\/\/app.kreativ.management:443\/ContactForm\/GetContactFormWidget\"><\/script>\t\t\t\t<\/div>\n\t\t\t\t\t<\/div>\n\t\t\t\t<\/div>\n\t\t\t\t<\/div>\n\t\t","protected":false},"excerpt":{"rendered":"<p>Abris pour animaux Abris pour animaux Les animaux domestiques ont leur place dans notre vie. Pendant des ann\u00e9es, ils nous accompagnent avec une fid\u00e9lit\u00e9 inconditionnelle. A la fin de notre parcours commun, ils ont droit \u00e0 l\u2019adieu<\/p>\n","protected":false},"author":1,"featured_media":0,"parent":0,"menu_order":0,"comment_status":"closed","ping_status":"closed","template":"","meta":{"_acf_changed":false,"footnotes":""},"class_list":["post-4314","page","type-page","status-publish","hentry"],"acf":[],"_links":{"self":[{"href":"https:\/\/triskell.ch\/fr\/wp-json\/wp\/v2\/pages\/4314","targetHints":{"allow":["GET"]}}],"collection":[{"href":"https:\/\/triskell.ch\/fr\/wp-json\/wp\/v2\/pages"}],"about":[{"href":"https:\/\/triskell.ch\/fr\/wp-json\/wp\/v2\/types\/page"}],"author":[{"embeddable":true,"href":"https:\/\/triskell.ch\/fr\/wp-json\/wp\/v2\/users\/1"}],"replies":[{"embeddable":true,"href":"https:\/\/triskell.ch\/fr\/wp-json\/wp\/v2\/comments?post=4314"}],"version-history":[{"count":40,"href":"https:\/\/triskell.ch\/fr\/wp-json\/wp\/v2\/pages\/4314\/revisions"}],"predecessor-version":[{"id":11372,"href":"https:\/\/triskell.ch\/fr\/wp-json\/wp\/v2\/pages\/4314\/revisions\/11372"}],"wp:attachment":[{"href":"https:\/\/triskell.ch\/fr\/wp-json\/wp\/v2\/media?parent=4314"}],"curies":[{"name":"wp","href":"https:\/\/api.w.org\/{rel}","templated":true}]}}