{"id":4327,"date":"2026-03-09T11:00:42","date_gmt":"2026-03-09T11:00:42","guid":{"rendered":"https:\/\/triskell.ch\/index.php\/blessingway\/"},"modified":"2026-03-27T14:23:06","modified_gmt":"2026-03-27T14:23:06","slug":"blessingway","status":"publish","type":"page","link":"https:\/\/triskell.ch\/fr\/blessingway\/","title":{"rendered":"Blessingway"},"content":{"rendered":"\t\t<div data-elementor-type=\"wp-page\" data-elementor-id=\"4327\" class=\"elementor elementor-4327 elementor-3724\">\n\t\t\t\t\t\t<div class=\"elementor-section elementor-top-section elementor-element elementor-element-f7cf895 elementor-section-boxed elementor-section-height-default elementor-section-height-default wpr-particle-no wpr-jarallax-no wpr-parallax-no wpr-sticky-section-no\" data-id=\"f7cf895\" data-element_type=\"section\" data-e-type=\"section\" data-settings=\"{&quot;background_background&quot;:&quot;classic&quot;,&quot;background_motion_fx_motion_fx_scrolling&quot;:&quot;yes&quot;,&quot;background_motion_fx_translateY_effect&quot;:&quot;yes&quot;,&quot;background_motion_fx_translateY_speed&quot;:{&quot;unit&quot;:&quot;px&quot;,&quot;size&quot;:3,&quot;sizes&quot;:[]},&quot;background_motion_fx_translateY_affectedRange&quot;:{&quot;unit&quot;:&quot;%&quot;,&quot;size&quot;:&quot;&quot;,&quot;sizes&quot;:{&quot;start&quot;:20,&quot;end&quot;:80}},&quot;background_motion_fx_devices&quot;:[&quot;desktop&quot;,&quot;tablet&quot;,&quot;mobile&quot;]}\">\n\t\t\t\t\t\t\t<div class=\"elementor-background-overlay\"><\/div>\n\t\t\t\t\t\t\t<div class=\"elementor-container elementor-column-gap-no\">\n\t\t\t\t\t<div class=\"elementor-column elementor-col-100 elementor-top-column elementor-element elementor-element-ff9b4ac\" data-id=\"ff9b4ac\" data-element_type=\"column\" data-e-type=\"column\">\n\t\t\t<div class=\"elementor-widget-wrap elementor-element-populated\">\n\t\t\t\t\t\t<div class=\"elementor-element elementor-element-fd9e181 elementor-widget elementor-widget-heading\" data-id=\"fd9e181\" data-element_type=\"widget\" data-e-type=\"widget\" data-widget_type=\"heading.default\">\n\t\t\t\t\t<h2 class=\"elementor-heading-title elementor-size-default\">Voie de b\u00e9n\u00e9diction\n<\/h2>\t\t\t\t<\/div>\n\t\t\t\t\t<\/div>\n\t\t<\/div>\n\t\t\t\t\t<\/div>\n\t\t<\/div>\n\t\t\t\t<div class=\"elementor-section elementor-top-section elementor-element elementor-element-22bc351 elementor-section-content-middle elementor-section-boxed elementor-section-height-default elementor-section-height-default wpr-particle-no wpr-jarallax-no wpr-parallax-no wpr-sticky-section-no\" data-id=\"22bc351\" data-element_type=\"section\" data-e-type=\"section\" data-settings=\"{&quot;background_background&quot;:&quot;classic&quot;}\">\n\t\t\t\t\t\t<div class=\"elementor-container elementor-column-gap-no\">\n\t\t\t\t\t<div class=\"elementor-column elementor-col-50 elementor-top-column elementor-element elementor-element-68fd972\" data-id=\"68fd972\" data-element_type=\"column\" data-e-type=\"column\">\n\t\t\t<div class=\"elementor-widget-wrap elementor-element-populated\">\n\t\t\t\t\t\t<div class=\"elementor-element elementor-element-d321ca0 elementor-widget elementor-widget-heading\" data-id=\"d321ca0\" data-element_type=\"widget\" data-e-type=\"widget\" data-widget_type=\"heading.default\">\n\t\t\t\t\t<h2 class=\"elementor-heading-title elementor-size-default\">Rituel de Blessingway<\/h2>\t\t\t\t<\/div>\n\t\t\t\t<div class=\"elementor-element elementor-element-74e168a elementor-widget-divider--view-line elementor-widget elementor-widget-divider\" data-id=\"74e168a\" data-element_type=\"widget\" data-e-type=\"widget\" data-widget_type=\"divider.default\">\n\t\t\t\t\t\t\t<div class=\"elementor-divider\">\n\t\t\t<span class=\"elementor-divider-separator\">\n\t\t\t\t\t\t<\/span>\n\t\t<\/div>\n\t\t\t\t\t\t<\/div>\n\t\t\t\t<div class=\"elementor-element elementor-element-ff1d2ce elementor-widget elementor-widget-text-editor\" data-id=\"ff1d2ce\" data-element_type=\"widget\" data-e-type=\"widget\" data-widget_type=\"text-editor.default\">\n\t\t\t\t\t\t\t\t\t<p>Pour honorer et encourager la future maman, il existe diff\u00e9rents petits rituels et activit\u00e9s communes qui peuvent \u00eatre organis\u00e9s lors d\u2019une c\u00e9l\u00e9bration Blessingway.<\/p><p>Il s\u2019agit notamment de massages des mains, de bains de pieds, de la confection de couronnes de fleurs, de chants et de danses, de la fabrication d\u2019une cha\u00eene de naissance, de la confection de bougies, de la narration d\u2019histoires et de la r\u00e9daction de cartes de v\u0153ux, de la fabrication d\u2019une bougie de naissance, de la peinture du ventre du b\u00e9b\u00e9 avec des couleurs naturelles et du fait de manger et de boire ensemble.<\/p><p>A la fin de la c\u00e9r\u00e9monie, la future maman doit pouvoir se diriger vers la naissance, revigor\u00e9e et pleine d\u2019\u00e9nergies positives.<\/p><p>Prix C\u00e9r\u00e9monie CHF 890.-<\/p><p>Offre Accessoires pour les rituels : voir flyer s\u00e9par\u00e9 Offre avec La Perla Desing<\/p>\t\t\t\t\t\t\t\t<\/div>\n\t\t\t\t<div class=\"elementor-element elementor-element-6b1fceb elementor-widget elementor-widget-video\" data-id=\"6b1fceb\" data-element_type=\"widget\" data-e-type=\"widget\" data-settings=\"{&quot;youtube_url&quot;:&quot;https:\\\/\\\/youtu.be\\\/KGjXuARvC0k&quot;,&quot;video_type&quot;:&quot;youtube&quot;,&quot;controls&quot;:&quot;yes&quot;}\" data-widget_type=\"video.default\">\n\t\t\t\t\t\t\t<div class=\"elementor-wrapper elementor-open-inline\">\n\t\t\t<div class=\"elementor-video\"><\/div>\t\t<\/div>\n\t\t\t\t\t\t<\/div>\n\t\t\t\t\t<\/div>\n\t\t<\/div>\n\t\t\t\t<div class=\"elementor-column elementor-col-50 elementor-top-column elementor-element elementor-element-d28bab6\" data-id=\"d28bab6\" data-element_type=\"column\" data-e-type=\"column\">\n\t\t\t<div class=\"elementor-widget-wrap elementor-element-populated\">\n\t\t\t\t\t\t<div class=\"elementor-element elementor-element-6f56655 elementor-arrows-position-inside elementor-widget elementor-widget-image-carousel\" data-id=\"6f56655\" data-element_type=\"widget\" data-e-type=\"widget\" data-settings=\"{&quot;slides_to_show&quot;:&quot;1&quot;,&quot;navigation&quot;:&quot;arrows&quot;,&quot;autoplay&quot;:&quot;yes&quot;,&quot;pause_on_hover&quot;:&quot;yes&quot;,&quot;pause_on_interaction&quot;:&quot;yes&quot;,&quot;autoplay_speed&quot;:5000,&quot;infinite&quot;:&quot;yes&quot;,&quot;effect&quot;:&quot;slide&quot;,&quot;speed&quot;:500}\" data-widget_type=\"image-carousel.default\">\n\t\t\t\t\t\t\t<div class=\"elementor-image-carousel-wrapper swiper\" role=\"region\" aria-roledescription=\"carousel\" aria-label=\"Image Carousel\" dir=\"ltr\">\n\t\t\t<div class=\"elementor-image-carousel swiper-wrapper\" aria-live=\"off\">\n\t\t\t\t\t\t\t\t<div class=\"swiper-slide\" role=\"group\" aria-roledescription=\"slide\" aria-label=\"1 sur 6\"><a data-elementor-open-lightbox=\"yes\" data-elementor-lightbox-slideshow=\"6f56655\" data-elementor-lightbox-title=\"1\" data-e-action-hash=\"#elementor-action%3Aaction%3Dlightbox%26settings%3DeyJpZCI6NDU4OCwidXJsIjoiaHR0cHM6XC9cL3RyaXNrZWxsLmNoXC93cC1jb250ZW50XC91cGxvYWRzXC8yMDI2XC8wM1wvMS0xLmpwZyIsInNsaWRlc2hvdyI6IjZmNTY2NTUifQ%3D%3D\" href=\"https:\/\/triskell.ch\/wp-content\/uploads\/2026\/03\/1-1.jpg\"><figure class=\"swiper-slide-inner\"><img decoding=\"async\" class=\"swiper-slide-image\" src=\"https:\/\/triskell.ch\/wp-content\/uploads\/2026\/03\/1-1.jpg\" alt=\"1\" \/><\/figure><\/a><\/div><div class=\"swiper-slide\" role=\"group\" aria-roledescription=\"slide\" aria-label=\"2 sur 6\"><a data-elementor-open-lightbox=\"yes\" data-elementor-lightbox-slideshow=\"6f56655\" data-elementor-lightbox-title=\"2\" data-e-action-hash=\"#elementor-action%3Aaction%3Dlightbox%26settings%3DeyJpZCI6NDU4OSwidXJsIjoiaHR0cHM6XC9cL3RyaXNrZWxsLmNoXC93cC1jb250ZW50XC91cGxvYWRzXC8yMDI2XC8wM1wvMi0xLmpwZyIsInNsaWRlc2hvdyI6IjZmNTY2NTUifQ%3D%3D\" href=\"https:\/\/triskell.ch\/wp-content\/uploads\/2026\/03\/2-1.jpg\"><figure class=\"swiper-slide-inner\"><img decoding=\"async\" class=\"swiper-slide-image\" src=\"https:\/\/triskell.ch\/wp-content\/uploads\/2026\/03\/2-1.jpg\" alt=\"2\" \/><\/figure><\/a><\/div><div class=\"swiper-slide\" role=\"group\" aria-roledescription=\"slide\" aria-label=\"3 sur 6\"><a data-elementor-open-lightbox=\"yes\" data-elementor-lightbox-slideshow=\"6f56655\" data-elementor-lightbox-title=\"3\" data-e-action-hash=\"#elementor-action%3Aaction%3Dlightbox%26settings%3DeyJpZCI6NDU5MCwidXJsIjoiaHR0cHM6XC9cL3RyaXNrZWxsLmNoXC93cC1jb250ZW50XC91cGxvYWRzXC8yMDI2XC8wM1wvMy0xLmpwZyIsInNsaWRlc2hvdyI6IjZmNTY2NTUifQ%3D%3D\" href=\"https:\/\/triskell.ch\/wp-content\/uploads\/2026\/03\/3-1.jpg\"><figure class=\"swiper-slide-inner\"><img decoding=\"async\" class=\"swiper-slide-image\" src=\"https:\/\/triskell.ch\/wp-content\/uploads\/2026\/03\/3-1.jpg\" alt=\"3\" \/><\/figure><\/a><\/div><div class=\"swiper-slide\" role=\"group\" aria-roledescription=\"slide\" aria-label=\"4 sur 6\"><a data-elementor-open-lightbox=\"yes\" data-elementor-lightbox-slideshow=\"6f56655\" data-elementor-lightbox-title=\"4\" data-e-action-hash=\"#elementor-action%3Aaction%3Dlightbox%26settings%3DeyJpZCI6NDU5MSwidXJsIjoiaHR0cHM6XC9cL3RyaXNrZWxsLmNoXC93cC1jb250ZW50XC91cGxvYWRzXC8yMDI2XC8wM1wvNC0xLmpwZyIsInNsaWRlc2hvdyI6IjZmNTY2NTUifQ%3D%3D\" href=\"https:\/\/triskell.ch\/wp-content\/uploads\/2026\/03\/4-1.jpg\"><figure class=\"swiper-slide-inner\"><img decoding=\"async\" class=\"swiper-slide-image\" src=\"https:\/\/triskell.ch\/wp-content\/uploads\/2026\/03\/4-1.jpg\" alt=\"4\" \/><\/figure><\/a><\/div><div class=\"swiper-slide\" role=\"group\" aria-roledescription=\"slide\" aria-label=\"5 sur 6\"><a data-elementor-open-lightbox=\"yes\" data-elementor-lightbox-slideshow=\"6f56655\" data-elementor-lightbox-title=\"4E9A0374-Copy-768x1151\" data-e-action-hash=\"#elementor-action%3Aaction%3Dlightbox%26settings%3DeyJpZCI6NDU5MiwidXJsIjoiaHR0cHM6XC9cL3RyaXNrZWxsLmNoXC93cC1jb250ZW50XC91cGxvYWRzXC8yMDI2XC8wM1wvNEU5QTAzNzQtQ29weS03Njh4MTE1MS0xLmpwZyIsInNsaWRlc2hvdyI6IjZmNTY2NTUifQ%3D%3D\" href=\"https:\/\/triskell.ch\/wp-content\/uploads\/2026\/03\/4E9A0374-Copy-768x1151-1.jpg\"><figure class=\"swiper-slide-inner\"><img decoding=\"async\" class=\"swiper-slide-image\" src=\"https:\/\/triskell.ch\/wp-content\/uploads\/2026\/03\/4E9A0374-Copy-768x1151-1.jpg\" alt=\"4E9A0374-Copy-768x1151\" \/><\/figure><\/a><\/div><div class=\"swiper-slide\" role=\"group\" aria-roledescription=\"slide\" aria-label=\"6 sur 6\"><a data-elementor-open-lightbox=\"yes\" data-elementor-lightbox-slideshow=\"6f56655\" data-elementor-lightbox-title=\"6\" data-e-action-hash=\"#elementor-action%3Aaction%3Dlightbox%26settings%3DeyJpZCI6NDU5MywidXJsIjoiaHR0cHM6XC9cL3RyaXNrZWxsLmNoXC93cC1jb250ZW50XC91cGxvYWRzXC8yMDI2XC8wM1wvNi0xLmpwZyIsInNsaWRlc2hvdyI6IjZmNTY2NTUifQ%3D%3D\" href=\"https:\/\/triskell.ch\/wp-content\/uploads\/2026\/03\/6-1.jpg\"><figure class=\"swiper-slide-inner\"><img decoding=\"async\" class=\"swiper-slide-image\" src=\"https:\/\/triskell.ch\/wp-content\/uploads\/2026\/03\/6-1.jpg\" alt=\"6\" \/><\/figure><\/a><\/div>\t\t\t<\/div>\n\t\t\t\t\t\t\t\t\t\t\t\t<div class=\"elementor-swiper-button elementor-swiper-button-prev\" role=\"button\" tabindex=\"0\">\n\t\t\t\t\t\t<svg aria-hidden=\"true\" class=\"e-font-icon-svg e-eicon-chevron-left\" viewBox=\"0 0 1000 1000\" xmlns=\"http:\/\/www.w3.org\/2000\/svg\"><path d=\"M646 125C629 125 613 133 604 142L308 442C296 454 292 471 292 487 292 504 296 521 308 533L604 854C617 867 629 875 646 875 663 875 679 871 692 858 704 846 713 829 713 812 713 796 708 779 692 767L438 487 692 225C700 217 708 204 708 187 708 171 704 154 692 142 675 129 663 125 646 125Z\"><\/path><\/svg>\t\t\t\t\t<\/div>\n\t\t\t\t\t<div class=\"elementor-swiper-button elementor-swiper-button-next\" role=\"button\" tabindex=\"0\">\n\t\t\t\t\t\t<svg aria-hidden=\"true\" class=\"e-font-icon-svg e-eicon-chevron-right\" viewBox=\"0 0 1000 1000\" xmlns=\"http:\/\/www.w3.org\/2000\/svg\"><path d=\"M696 533C708 521 713 504 713 487 713 471 708 454 696 446L400 146C388 133 375 125 354 125 338 125 325 129 313 142 300 154 292 171 292 187 292 204 296 221 308 233L563 492 304 771C292 783 288 800 288 817 288 833 296 850 308 863 321 871 338 875 354 875 371 875 388 867 400 854L696 533Z\"><\/path><\/svg>\t\t\t\t\t<\/div>\n\t\t\t\t\n\t\t\t\t\t\t\t\t\t<\/div>\n\t\t\t\t\t\t<\/div>\n\t\t\t\t\t<\/div>\n\t\t<\/div>\n\t\t\t\t\t<\/div>\n\t\t<\/div>\n\t\t\t\t<div class=\"elementor-section elementor-top-section elementor-element elementor-element-30bfd7f elementor-section-boxed elementor-section-height-default elementor-section-height-default wpr-particle-no wpr-jarallax-no wpr-parallax-no wpr-sticky-section-no\" data-id=\"30bfd7f\" data-element_type=\"section\" data-e-type=\"section\" data-settings=\"{&quot;background_background&quot;:&quot;classic&quot;,&quot;background_motion_fx_motion_fx_scrolling&quot;:&quot;yes&quot;,&quot;background_motion_fx_translateY_effect&quot;:&quot;yes&quot;,&quot;background_motion_fx_translateY_speed&quot;:{&quot;unit&quot;:&quot;px&quot;,&quot;size&quot;:3,&quot;sizes&quot;:[]},&quot;background_motion_fx_translateY_affectedRange&quot;:{&quot;unit&quot;:&quot;%&quot;,&quot;size&quot;:&quot;&quot;,&quot;sizes&quot;:{&quot;start&quot;:20,&quot;end&quot;:80}},&quot;background_motion_fx_devices&quot;:[&quot;desktop&quot;,&quot;tablet&quot;,&quot;mobile&quot;]}\">\n\t\t\t\t\t\t\t<div class=\"elementor-background-overlay\"><\/div>\n\t\t\t\t\t\t\t<div class=\"elementor-container elementor-column-gap-no\">\n\t\t\t\t\t<div class=\"elementor-column elementor-col-100 elementor-top-column elementor-element elementor-element-f728923\" data-id=\"f728923\" data-element_type=\"column\" data-e-type=\"column\">\n\t\t\t<div class=\"elementor-widget-wrap elementor-element-populated\">\n\t\t\t\t\t\t<div class=\"elementor-element elementor-element-b80aa53 elementor-widget elementor-widget-image\" data-id=\"b80aa53\" data-element_type=\"widget\" data-e-type=\"widget\" data-widget_type=\"image.default\">\n\t\t\t\t\t\t\t\t\t\t\t\t\t\t\t\t<a href=\"https:\/\/triskell.ch\/wp-content\/uploads\/2026\/03\/Offer-Blessingway-La-Perla-und-TRISKELL.jpg\" data-elementor-open-lightbox=\"yes\" data-elementor-lightbox-title=\"Offer-Blessingway-La-Perla-und-TRISKELL\" data-e-action-hash=\"#elementor-action%3Aaction%3Dlightbox%26settings%3DeyJpZCI6NDU5NCwidXJsIjoiaHR0cHM6XC9cL3RyaXNrZWxsLmNoXC93cC1jb250ZW50XC91cGxvYWRzXC8yMDI2XC8wM1wvT2ZmZXItQmxlc3Npbmd3YXktTGEtUGVybGEtdW5kLVRSSVNLRUxMLmpwZyJ9\">\n\t\t\t\t\t\t\t<img fetchpriority=\"high\" decoding=\"async\" width=\"1414\" height=\"2000\" src=\"https:\/\/triskell.ch\/wp-content\/uploads\/2026\/03\/Offer-Blessingway-La-Perla-und-TRISKELL.jpg\" class=\"attachment-full size-full wp-image-4594\" alt=\"\" srcset=\"https:\/\/triskell.ch\/wp-content\/uploads\/2026\/03\/Offer-Blessingway-La-Perla-und-TRISKELL.jpg 1414w, https:\/\/triskell.ch\/wp-content\/uploads\/2026\/03\/Offer-Blessingway-La-Perla-und-TRISKELL-1086x1536.jpg 1086w\" sizes=\"(max-width: 1414px) 100vw, 1414px\" \/>\t\t\t\t\t\t\t\t<\/a>\n\t\t\t\t\t\t\t\t\t\t\t\t\t\t\t<\/div>\n\t\t\t\t\t<\/div>\n\t\t<\/div>\n\t\t\t\t\t<\/div>\n\t\t<\/div>\n\t\t<div class=\"elementor-element elementor-element-d1fb2fe e-flex e-con-boxed wpr-particle-no wpr-jarallax-no wpr-parallax-no wpr-sticky-section-no e-con e-parent\" data-id=\"d1fb2fe\" data-element_type=\"container\" data-e-type=\"container\" data-settings=\"{&quot;background_background&quot;:&quot;classic&quot;}\">\n\t\t\t\t\t<div class=\"e-con-inner\">\n\t\t\t\t<div class=\"elementor-element elementor-element-a10d10e elementor-widget elementor-widget-heading\" data-id=\"a10d10e\" data-element_type=\"widget\" data-e-type=\"widget\" data-widget_type=\"heading.default\">\n\t\t\t\t\t<h2 class=\"elementor-heading-title elementor-size-default\">Demande gratuite\n<\/h2>\t\t\t\t<\/div>\n\t\t\t\t<div class=\"elementor-element elementor-element-0a10449 elementor-widget elementor-widget-html\" data-id=\"0a10449\" data-element_type=\"widget\" data-e-type=\"widget\" data-widget_type=\"html.default\">\n\t\t\t\t\t<div class=\"js-hm-form\" data-theme=\"modern2Columns\" data-form-id=\"5ee96d12-21bd-4f81-b18f-8f1db5673f4d\"><\/div><script src=\"https:\/\/app.kreativ.management:443\/ContactForm\/GetContactFormWidget\"><\/script>\t\t\t\t<\/div>\n\t\t\t\t\t<\/div>\n\t\t\t\t<\/div>\n\t\t\t\t<\/div>\n\t\t","protected":false},"excerpt":{"rendered":"<p>Voie de b\u00e9n\u00e9diction Rituel de Blessingway Pour honorer et encourager la future maman, il existe diff\u00e9rents petits rituels et activit\u00e9s communes qui peuvent \u00eatre organis\u00e9s lors d\u2019une c\u00e9l\u00e9bration Blessingway. Il s\u2019agit notamment de massages des mains, de<\/p>\n","protected":false},"author":1,"featured_media":0,"parent":0,"menu_order":0,"comment_status":"closed","ping_status":"closed","template":"","meta":{"_acf_changed":false,"footnotes":""},"class_list":["post-4327","page","type-page","status-publish","hentry"],"acf":[],"_links":{"self":[{"href":"https:\/\/triskell.ch\/fr\/wp-json\/wp\/v2\/pages\/4327","targetHints":{"allow":["GET"]}}],"collection":[{"href":"https:\/\/triskell.ch\/fr\/wp-json\/wp\/v2\/pages"}],"about":[{"href":"https:\/\/triskell.ch\/fr\/wp-json\/wp\/v2\/types\/page"}],"author":[{"embeddable":true,"href":"https:\/\/triskell.ch\/fr\/wp-json\/wp\/v2\/users\/1"}],"replies":[{"embeddable":true,"href":"https:\/\/triskell.ch\/fr\/wp-json\/wp\/v2\/comments?post=4327"}],"version-history":[{"count":25,"href":"https:\/\/triskell.ch\/fr\/wp-json\/wp\/v2\/pages\/4327\/revisions"}],"predecessor-version":[{"id":11369,"href":"https:\/\/triskell.ch\/fr\/wp-json\/wp\/v2\/pages\/4327\/revisions\/11369"}],"wp:attachment":[{"href":"https:\/\/triskell.ch\/fr\/wp-json\/wp\/v2\/media?parent=4327"}],"curies":[{"name":"wp","href":"https:\/\/api.w.org\/{rel}","templated":true}]}}