{"id":4376,"date":"2026-03-09T07:06:05","date_gmt":"2026-03-09T07:06:05","guid":{"rendered":"https:\/\/triskell.ch\/index.php\/calender\/"},"modified":"2026-03-25T06:14:27","modified_gmt":"2026-03-25T06:14:27","slug":"calender","status":"publish","type":"page","link":"https:\/\/triskell.ch\/fr\/calender\/","title":{"rendered":"Calender"},"content":{"rendered":"\t\t<div data-elementor-type=\"wp-page\" data-elementor-id=\"4376\" class=\"elementor elementor-4376 elementor-3623\">\n\t\t\t\t\t\t<div class=\"elementor-section elementor-top-section elementor-element elementor-element-0de2042 elementor-section-boxed elementor-section-height-default elementor-section-height-default wpr-particle-no wpr-jarallax-no wpr-parallax-no wpr-sticky-section-no\" data-id=\"0de2042\" data-element_type=\"section\" data-e-type=\"section\" data-settings=\"{&quot;background_background&quot;:&quot;classic&quot;,&quot;background_motion_fx_motion_fx_scrolling&quot;:&quot;yes&quot;,&quot;background_motion_fx_translateY_effect&quot;:&quot;yes&quot;,&quot;background_motion_fx_translateY_speed&quot;:{&quot;unit&quot;:&quot;px&quot;,&quot;size&quot;:3,&quot;sizes&quot;:[]},&quot;background_motion_fx_translateY_affectedRange&quot;:{&quot;unit&quot;:&quot;%&quot;,&quot;size&quot;:&quot;&quot;,&quot;sizes&quot;:{&quot;start&quot;:20,&quot;end&quot;:80}},&quot;background_motion_fx_devices&quot;:[&quot;desktop&quot;,&quot;tablet&quot;,&quot;mobile&quot;]}\">\n\t\t\t\t\t\t\t<div class=\"elementor-background-overlay\"><\/div>\n\t\t\t\t\t\t\t<div class=\"elementor-container elementor-column-gap-no\">\n\t\t\t\t\t<div class=\"elementor-column elementor-col-100 elementor-top-column elementor-element elementor-element-e89d815\" data-id=\"e89d815\" data-element_type=\"column\" data-e-type=\"column\">\n\t\t\t<div class=\"elementor-widget-wrap elementor-element-populated\">\n\t\t\t\t\t\t<div class=\"elementor-element elementor-element-83c1ff0 elementor-widget elementor-widget-heading\" data-id=\"83c1ff0\" data-element_type=\"widget\" data-e-type=\"widget\" data-widget_type=\"heading.default\">\n\t\t\t\t\t<h2 class=\"elementor-heading-title elementor-size-default\">Calendrier<\/h2>\t\t\t\t<\/div>\n\t\t\t\t\t<\/div>\n\t\t<\/div>\n\t\t\t\t\t<\/div>\n\t\t<\/div>\n\t\t\t\t<section class=\"elementor-section elementor-top-section elementor-element elementor-element-a84444d elementor-section-boxed elementor-section-height-default elementor-section-height-default wpr-particle-no wpr-jarallax-no wpr-parallax-no wpr-sticky-section-no\" data-id=\"a84444d\" data-element_type=\"section\" data-e-type=\"section\" data-settings=\"{&quot;background_background&quot;:&quot;classic&quot;}\">\n\t\t\t\t\t\t<div class=\"elementor-container elementor-column-gap-default\">\n\t\t\t\t\t<div class=\"elementor-column elementor-col-50 elementor-top-column elementor-element elementor-element-67e8e2c elementor-invisible\" data-id=\"67e8e2c\" data-element_type=\"column\" data-e-type=\"column\" data-settings=\"{&quot;animation&quot;:&quot;fadeInLeft&quot;}\">\n\t\t\t<div class=\"elementor-widget-wrap elementor-element-populated\">\n\t\t\t\t\t\t<div class=\"elementor-element elementor-element-f3dcf22 elementor-widget elementor-widget-image\" data-id=\"f3dcf22\" data-element_type=\"widget\" data-e-type=\"widget\" data-widget_type=\"image.default\">\n\t\t\t\t\t\t\t\t\t\t\t\t\t\t\t<img fetchpriority=\"high\" decoding=\"async\" width=\"449\" height=\"450\" src=\"https:\/\/triskell.ch\/wp-content\/uploads\/2026\/03\/andrea.jpg\" class=\"attachment-full size-full wp-image-4618\" alt=\"\" \/>\t\t\t\t\t\t\t\t\t\t\t\t\t\t\t<\/div>\n\t\t\t\t<section class=\"elementor-section elementor-inner-section elementor-element elementor-element-b2c0491 elementor-section-boxed elementor-section-height-default elementor-section-height-default wpr-particle-no wpr-jarallax-no wpr-parallax-no wpr-sticky-section-no\" data-id=\"b2c0491\" data-element_type=\"section\" data-e-type=\"section\" id=\"Andrea\">\n\t\t\t\t\t\t<div class=\"elementor-container elementor-column-gap-default\">\n\t\t\t\t\t<div class=\"elementor-column elementor-col-100 elementor-inner-column elementor-element elementor-element-c138024\" data-id=\"c138024\" data-element_type=\"column\" data-e-type=\"column\">\n\t\t\t<div class=\"elementor-widget-wrap elementor-element-populated\">\n\t\t\t\t\t\t<div class=\"elementor-element elementor-element-1fbc4bd elementor-widget elementor-widget-shortcode\" data-id=\"1fbc4bd\" data-element_type=\"widget\" data-e-type=\"widget\" data-widget_type=\"shortcode.default\">\n\t\t\t\t\t    <div id=\"calender_section\" style=\"width:100%;\">\n\t\t<h2>\n\t\t\t\t\t\tAndrea\t\t<\/h2>\n        <h2>\n           <a href=\"javascript:void(0);\" onclick=\"getCalendar('Andrea','2026','03','Andrea');\">&lt;&lt;<\/a>\n            <select name=\"month_dropdown\" class=\"month_dropdown dropdown\" onchange=\"getCalendar('Andrea','2026',this.value,'Andrea');\"><option value=\"01\"  >Januar<\/option><option value=\"02\"  >Februar<\/option><option value=\"03\"  >M\u00e4rz<\/option><option value=\"04\" selected >April<\/option><option value=\"05\"  >Mai<\/option><option value=\"06\"  >Juni<\/option><option value=\"07\"  >Juli<\/option><option value=\"08\"  >August<\/option><option value=\"09\"  >September<\/option><option value=\"10\"  >Oktober<\/option><option value=\"11\"  >November<\/option><option value=\"12\"  >Dezember<\/option><\/select>\n            <select name=\"year_dropdown\" class=\"year_dropdown dropdown\" onchange=\"getCalendar('Andrea',this.value,'04','Andrea');\"><option value=\"2020\"  >2020<\/option><option value=\"2021\"  >2021<\/option><option value=\"2022\"  >2022<\/option><option value=\"2023\"  >2023<\/option><option value=\"2024\"  >2024<\/option><option value=\"2025\"  >2025<\/option><option value=\"2026\" selected >2026<\/option><option value=\"2027\"  >2027<\/option><option value=\"2028\"  >2028<\/option><option value=\"2029\"  >2029<\/option><option value=\"2030\"  >2030<\/option><\/select>\n            <a href=\"javascript:void(0);\" onclick=\"getCalendar('Andrea','2026','05','Andrea');\">&gt;&gt;<\/a>\n        <\/h2>\n        <div id=\"event_list\" class=\"none\"><\/div>\n        <div id=\"calender_section_top\">\n            <ul class=\"weekdays\">\n                \n                <li>Mon<\/li>\n                <li>Tue<\/li>\n                <li>Wed<\/li>\n                <li>Thu<\/li>\n                <li>Fri<\/li>\n                <li>Sat<\/li>\n\t\t\t\t<li>Sun<\/li>\n            <\/ul>\n        <\/div>\n        <div id=\"calender_section_bot\">\n            <ul class=\"days\">\n                            <li><span>&nbsp;<\/span><\/li>\n                            <li><span>&nbsp;<\/span><\/li>\n            <li class=\"freedate\"><span>1<\/span><\/li>            <li class=\"freedate\"><span>2<\/span><\/li>            <li class=\"freedate\"><span>3<\/span><\/li>            <li class=\"freedate\"><span>4<\/span><\/li>            <li class=\"freedate\"><span>5<\/span><\/li>            <li class=\"freedate\"><span>6<\/span><\/li>            <li class=\"freedate\"><span>7<\/span><\/li>            <li class=\"freedate\"><span>8<\/span><\/li>            <li class=\"freedate\"><span>9<\/span><\/li>            <li class=\"freedate\"><span>10<\/span><\/li>            <li class=\"freedate\"><span>11<\/span><\/li>            <li class=\"freedate\"><span>12<\/span><\/li>            <li class=\"freedate\"><span>13<\/span><\/li>            <li class=\"freedate\"><span>14<\/span><\/li>            <li class=\"freedate\"><span>15<\/span><\/li>            <li class=\"freedate\"><span>16<\/span><\/li>            <li class=\"freedate\"><span>17<\/span><\/li>            <li class=\"freedate\"><span>18<\/span><\/li>            <li class=\"freedate\"><span>19<\/span><\/li>            <li class=\"freedate\"><span>20<\/span><\/li>            <li class=\"freedate\"><span>21<\/span><\/li>            <li class=\"freedate\"><span>22<\/span><\/li>            <li class=\"freedate\"><span>23<\/span><\/li>            <li class=\"freedate\"><span>24<\/span><\/li>            <li class=\"freedate\"><span>25<\/span><\/li>            <li class=\"freedate\"><span>26<\/span><\/li>            <li class=\"freedate\"><span>27<\/span><\/li>            <li class=\"freedate\"><span>28<\/span><\/li>            <li class=\"freedate\"><span>29<\/span><\/li>            <li class=\"freedate\"><span>30<\/span><\/li>                            <li><span>&nbsp;<\/span><\/li>\n                            <li><span>&nbsp;<\/span><\/li>\n                            <li><span>&nbsp;<\/span><\/li>\n                        <\/ul>\n        <\/div>\n    <\/div>\n\n    <script type=\"text\/javascript\">\n        function getCalendar(target_div,year,month,whois){\n            jQuery.ajax({\n                type:'POST',\n                url:'https:\/\/triskell.ch\/wp-admin\/admin-ajax.php',\n                data:'action=get_data&year='+year+'&month='+month+'&whois='+whois,\n                success:function(html){\n                    jQuery('#'+target_div).html(html);\n                }\n            });\n        }\n      \n    <\/script>\n\t\t<div class=\"elementor-shortcode\"><\/div>\n\t\t\t\t\t\t<\/div>\n\t\t\t\t\t<\/div>\n\t\t<\/div>\n\t\t\t\t\t<\/div>\n\t\t<\/section>\n\t\t\t\t\t<\/div>\n\t\t<\/div>\n\t\t\t\t<div class=\"elementor-column elementor-col-50 elementor-top-column elementor-element elementor-element-315f435 elementor-invisible\" data-id=\"315f435\" data-element_type=\"column\" data-e-type=\"column\" data-settings=\"{&quot;animation&quot;:&quot;fadeInRight&quot;}\">\n\t\t\t<div class=\"elementor-widget-wrap elementor-element-populated\">\n\t\t\t\t\t\t<div class=\"elementor-element elementor-element-23c4038 elementor-widget elementor-widget-image\" data-id=\"23c4038\" data-element_type=\"widget\" data-e-type=\"widget\" data-widget_type=\"image.default\">\n\t\t\t\t\t\t\t\t\t\t\t\t\t\t\t<img decoding=\"async\" width=\"449\" height=\"450\" src=\"https:\/\/triskell.ch\/wp-content\/uploads\/2026\/03\/styledshooting-fotomeitschi-471-e1624536928943-1-1.jpg\" class=\"attachment-full size-full wp-image-4619\" alt=\"\" \/>\t\t\t\t\t\t\t\t\t\t\t\t\t\t\t<\/div>\n\t\t\t\t<section class=\"elementor-section elementor-inner-section elementor-element elementor-element-2a48ccc elementor-section-boxed elementor-section-height-default elementor-section-height-default wpr-particle-no wpr-jarallax-no wpr-parallax-no wpr-sticky-section-no\" data-id=\"2a48ccc\" data-element_type=\"section\" data-e-type=\"section\" id=\"Selina\">\n\t\t\t\t\t\t<div class=\"elementor-container elementor-column-gap-default\">\n\t\t\t\t\t<div class=\"elementor-column elementor-col-100 elementor-inner-column elementor-element elementor-element-76e4a5d\" data-id=\"76e4a5d\" data-element_type=\"column\" data-e-type=\"column\">\n\t\t\t<div class=\"elementor-widget-wrap elementor-element-populated\">\n\t\t\t\t\t\t<div class=\"elementor-element elementor-element-5326200 elementor-widget elementor-widget-shortcode\" data-id=\"5326200\" data-element_type=\"widget\" data-e-type=\"widget\" data-widget_type=\"shortcode.default\">\n\t\t\t\t\t    <div id=\"calender_section\" style=\"width:100%;\">\n\t\t<h2>\n\t\t\t\t\t\tSelina\t\t<\/h2>\n        <h2>\n           <a href=\"javascript:void(0);\" onclick=\"getCalendar('Selina','2026','03','Selina');\">&lt;&lt;<\/a>\n            <select name=\"month_dropdown\" class=\"month_dropdown dropdown\" onchange=\"getCalendar('Selina','2026',this.value,'Selina');\"><option value=\"01\"  >Januar<\/option><option value=\"02\"  >Februar<\/option><option value=\"03\"  >M\u00e4rz<\/option><option value=\"04\" selected >April<\/option><option value=\"05\"  >Mai<\/option><option value=\"06\"  >Juni<\/option><option value=\"07\"  >Juli<\/option><option value=\"08\"  >August<\/option><option value=\"09\"  >September<\/option><option value=\"10\"  >Oktober<\/option><option value=\"11\"  >November<\/option><option value=\"12\"  >Dezember<\/option><\/select>\n            <select name=\"year_dropdown\" class=\"year_dropdown dropdown\" onchange=\"getCalendar('Selina',this.value,'04','Selina');\"><option value=\"2020\"  >2020<\/option><option value=\"2021\"  >2021<\/option><option value=\"2022\"  >2022<\/option><option value=\"2023\"  >2023<\/option><option value=\"2024\"  >2024<\/option><option value=\"2025\"  >2025<\/option><option value=\"2026\" selected >2026<\/option><option value=\"2027\"  >2027<\/option><option value=\"2028\"  >2028<\/option><option value=\"2029\"  >2029<\/option><option value=\"2030\"  >2030<\/option><\/select>\n            <a href=\"javascript:void(0);\" onclick=\"getCalendar('Selina','2026','05','Selina');\">&gt;&gt;<\/a>\n        <\/h2>\n        <div id=\"event_list\" class=\"none\"><\/div>\n        <div id=\"calender_section_top\">\n            <ul class=\"weekdays\">\n                \n                <li>Mon<\/li>\n                <li>Tue<\/li>\n                <li>Wed<\/li>\n                <li>Thu<\/li>\n                <li>Fri<\/li>\n                <li>Sat<\/li>\n\t\t\t\t<li>Sun<\/li>\n            <\/ul>\n        <\/div>\n        <div id=\"calender_section_bot\">\n            <ul class=\"days\">\n                            <li><span>&nbsp;<\/span><\/li>\n                            <li><span>&nbsp;<\/span><\/li>\n            <li class=\"freedate\"><span>1<\/span><\/li>            <li class=\"freedate\"><span>2<\/span><\/li>            <li class=\"freedate\"><span>3<\/span><\/li>            <li class=\"freedate\"><span>4<\/span><\/li>            <li class=\"freedate\"><span>5<\/span><\/li>            <li class=\"freedate\"><span>6<\/span><\/li>            <li class=\"freedate\"><span>7<\/span><\/li>            <li class=\"freedate\"><span>8<\/span><\/li>            <li class=\"freedate\"><span>9<\/span><\/li>            <li class=\"freedate\"><span>10<\/span><\/li>            <li class=\"freedate\"><span>11<\/span><\/li>            <li class=\"freedate\"><span>12<\/span><\/li>            <li class=\"freedate\"><span>13<\/span><\/li>            <li class=\"freedate\"><span>14<\/span><\/li>            <li class=\"freedate\"><span>15<\/span><\/li>            <li class=\"freedate\"><span>16<\/span><\/li>            <li class=\"freedate\"><span>17<\/span><\/li>            <li class=\"freedate\"><span>18<\/span><\/li>            <li class=\"freedate\"><span>19<\/span><\/li>            <li class=\"freedate\"><span>20<\/span><\/li>            <li class=\"freedate\"><span>21<\/span><\/li>            <li class=\"freedate\"><span>22<\/span><\/li>            <li class=\"freedate\"><span>23<\/span><\/li>            <li class=\"freedate\"><span>24<\/span><\/li>            <li class=\"freedate\"><span>25<\/span><\/li>            <li class=\"freedate\"><span>26<\/span><\/li>            <li class=\"freedate\"><span>27<\/span><\/li>            <li class=\"freedate\"><span>28<\/span><\/li>            <li class=\"freedate\"><span>29<\/span><\/li>            <li class=\"freedate\"><span>30<\/span><\/li>                            <li><span>&nbsp;<\/span><\/li>\n                            <li><span>&nbsp;<\/span><\/li>\n                            <li><span>&nbsp;<\/span><\/li>\n                        <\/ul>\n        <\/div>\n    <\/div>\n\n    <script type=\"text\/javascript\">\n        function getCalendar(target_div,year,month,whois){\n            jQuery.ajax({\n                type:'POST',\n                url:'https:\/\/triskell.ch\/wp-admin\/admin-ajax.php',\n                data:'action=get_data&year='+year+'&month='+month+'&whois='+whois,\n                success:function(html){\n                    jQuery('#'+target_div).html(html);\n                }\n            });\n        }\n      \n    <\/script>\n\t\t<div class=\"elementor-shortcode\"><\/div>\n\t\t\t\t\t\t<\/div>\n\t\t\t\t\t<\/div>\n\t\t<\/div>\n\t\t\t\t\t<\/div>\n\t\t<\/section>\n\t\t\t\t\t<\/div>\n\t\t<\/div>\n\t\t\t\t\t<\/div>\n\t\t<\/section>\n\t\t\t\t<section class=\"elementor-section elementor-top-section elementor-element elementor-element-7b853dc elementor-section-boxed elementor-section-height-default elementor-section-height-default wpr-particle-no wpr-jarallax-no wpr-parallax-no wpr-sticky-section-no\" data-id=\"7b853dc\" data-element_type=\"section\" data-e-type=\"section\" data-settings=\"{&quot;background_background&quot;:&quot;classic&quot;}\">\n\t\t\t\t\t\t<div class=\"elementor-container elementor-column-gap-default\">\n\t\t\t\t\t<div class=\"elementor-column elementor-col-33 elementor-top-column elementor-element elementor-element-9c43e6a\" data-id=\"9c43e6a\" data-element_type=\"column\" data-e-type=\"column\">\n\t\t\t<div class=\"elementor-widget-wrap elementor-element-populated\">\n\t\t\t\t\t\t<div class=\"elementor-element elementor-element-df68b07 elementor-position-inline-start elementor-mobile-position-inline-start elementor-view-default elementor-widget elementor-widget-icon-box\" data-id=\"df68b07\" data-element_type=\"widget\" data-e-type=\"widget\" data-widget_type=\"icon-box.default\">\n\t\t\t\t\t\t\t<div class=\"elementor-icon-box-wrapper\">\n\n\t\t\t\t\t\t<div class=\"elementor-icon-box-icon\">\n\t\t\t\t<span  class=\"elementor-icon\">\n\t\t\t\t<svg aria-hidden=\"true\" class=\"e-font-icon-svg e-fas-square-full\" viewBox=\"0 0 512 512\" xmlns=\"http:\/\/www.w3.org\/2000\/svg\"><path d=\"M512 512H0V0h512v512z\"><\/path><\/svg>\t\t\t\t<\/span>\n\t\t\t<\/div>\n\t\t\t\n\t\t\t\t\t\t<div class=\"elementor-icon-box-content\">\n\n\t\t\t\t\t\t\t\t\t<h3 class=\"elementor-icon-box-title\">\n\t\t\t\t\t\t<span  >\n\t\t\t\t\t\t\tDisponible \t\t\t\t\t\t<\/span>\n\t\t\t\t\t<\/h3>\n\t\t\t\t\n\t\t\t\t\n\t\t\t<\/div>\n\t\t\t\n\t\t<\/div>\n\t\t\t\t\t\t<\/div>\n\t\t\t\t\t<\/div>\n\t\t<\/div>\n\t\t\t\t<div class=\"elementor-column elementor-col-33 elementor-top-column elementor-element elementor-element-8344708\" data-id=\"8344708\" data-element_type=\"column\" data-e-type=\"column\">\n\t\t\t<div class=\"elementor-widget-wrap elementor-element-populated\">\n\t\t\t\t\t\t<div class=\"elementor-element elementor-element-b82c45a elementor-position-inline-start elementor-mobile-position-inline-start elementor-view-default elementor-widget elementor-widget-icon-box\" data-id=\"b82c45a\" data-element_type=\"widget\" data-e-type=\"widget\" data-widget_type=\"icon-box.default\">\n\t\t\t\t\t\t\t<div class=\"elementor-icon-box-wrapper\">\n\n\t\t\t\t\t\t<div class=\"elementor-icon-box-icon\">\n\t\t\t\t<span  class=\"elementor-icon\">\n\t\t\t\t<svg aria-hidden=\"true\" class=\"e-font-icon-svg e-fas-square-full\" viewBox=\"0 0 512 512\" xmlns=\"http:\/\/www.w3.org\/2000\/svg\"><path d=\"M512 512H0V0h512v512z\"><\/path><\/svg>\t\t\t\t<\/span>\n\t\t\t<\/div>\n\t\t\t\n\t\t\t\t\t\t<div class=\"elementor-icon-box-content\">\n\n\t\t\t\t\t\t\t\t\t<h3 class=\"elementor-icon-box-title\">\n\t\t\t\t\t\t<span  >\n\t\t\t\t\t\t\tR\u00e9serv\u00e9\t\t\t\t\t\t<\/span>\n\t\t\t\t\t<\/h3>\n\t\t\t\t\n\t\t\t\t\n\t\t\t<\/div>\n\t\t\t\n\t\t<\/div>\n\t\t\t\t\t\t<\/div>\n\t\t\t\t\t<\/div>\n\t\t<\/div>\n\t\t\t\t<div class=\"elementor-column elementor-col-33 elementor-top-column elementor-element elementor-element-21b00f2\" data-id=\"21b00f2\" data-element_type=\"column\" data-e-type=\"column\">\n\t\t\t<div class=\"elementor-widget-wrap elementor-element-populated\">\n\t\t\t\t\t\t<div class=\"elementor-element elementor-element-27d6287 elementor-position-inline-start elementor-mobile-position-inline-start elementor-view-default elementor-widget elementor-widget-icon-box\" data-id=\"27d6287\" data-element_type=\"widget\" data-e-type=\"widget\" data-widget_type=\"icon-box.default\">\n\t\t\t\t\t\t\t<div class=\"elementor-icon-box-wrapper\">\n\n\t\t\t\t\t\t<div class=\"elementor-icon-box-icon\">\n\t\t\t\t<span  class=\"elementor-icon\">\n\t\t\t\t<svg aria-hidden=\"true\" class=\"e-font-icon-svg e-fas-square-full\" viewBox=\"0 0 512 512\" xmlns=\"http:\/\/www.w3.org\/2000\/svg\"><path d=\"M512 512H0V0h512v512z\"><\/path><\/svg>\t\t\t\t<\/span>\n\t\t\t<\/div>\n\t\t\t\n\t\t\t\t\t\t<div class=\"elementor-icon-box-content\">\n\n\t\t\t\t\t\t\t\t\t<h3 class=\"elementor-icon-box-title\">\n\t\t\t\t\t\t<span  >\n\t\t\t\t\t\t\tR\u00e9serv\u00e9 provisoirement \t\t\t\t\t\t<\/span>\n\t\t\t\t\t<\/h3>\n\t\t\t\t\n\t\t\t\t\n\t\t\t<\/div>\n\t\t\t\n\t\t<\/div>\n\t\t\t\t\t\t<\/div>\n\t\t\t\t\t<\/div>\n\t\t<\/div>\n\t\t\t\t\t<\/div>\n\t\t<\/section>\n\t\t\t\t<\/div>\n\t\t","protected":false},"excerpt":{"rendered":"<p>Calendrier Disponible R\u00e9serv\u00e9 R\u00e9serv\u00e9 provisoirement<\/p>\n","protected":false},"author":1,"featured_media":0,"parent":0,"menu_order":0,"comment_status":"closed","ping_status":"closed","template":"","meta":{"_acf_changed":false,"footnotes":""},"class_list":["post-4376","page","type-page","status-publish","hentry"],"acf":[],"_links":{"self":[{"href":"https:\/\/triskell.ch\/fr\/wp-json\/wp\/v2\/pages\/4376","targetHints":{"allow":["GET"]}}],"collection":[{"href":"https:\/\/triskell.ch\/fr\/wp-json\/wp\/v2\/pages"}],"about":[{"href":"https:\/\/triskell.ch\/fr\/wp-json\/wp\/v2\/types\/page"}],"author":[{"embeddable":true,"href":"https:\/\/triskell.ch\/fr\/wp-json\/wp\/v2\/users\/1"}],"replies":[{"embeddable":true,"href":"https:\/\/triskell.ch\/fr\/wp-json\/wp\/v2\/comments?post=4376"}],"version-history":[{"count":18,"href":"https:\/\/triskell.ch\/fr\/wp-json\/wp\/v2\/pages\/4376\/revisions"}],"predecessor-version":[{"id":9972,"href":"https:\/\/triskell.ch\/fr\/wp-json\/wp\/v2\/pages\/4376\/revisions\/9972"}],"wp:attachment":[{"href":"https:\/\/triskell.ch\/fr\/wp-json\/wp\/v2\/media?parent=4376"}],"curies":[{"name":"wp","href":"https:\/\/api.w.org\/{rel}","templated":true}]}}