{"id":4467,"date":"2026-03-10T17:11:47","date_gmt":"2026-03-10T17:11:47","guid":{"rendered":"https:\/\/triskell.ch\/index.php\/imprint\/"},"modified":"2026-03-25T03:08:44","modified_gmt":"2026-03-25T03:08:44","slug":"imprint","status":"publish","type":"page","link":"https:\/\/triskell.ch\/fr\/imprint\/","title":{"rendered":"Imprint"},"content":{"rendered":"\t\t<div data-elementor-type=\"wp-page\" data-elementor-id=\"4467\" class=\"elementor elementor-4467 elementor-4113\">\n\t\t\t\t\t\t<div class=\"elementor-section elementor-top-section elementor-element elementor-element-54e699f elementor-section-boxed elementor-section-height-default elementor-section-height-default wpr-particle-no wpr-jarallax-no wpr-parallax-no wpr-sticky-section-no\" data-id=\"54e699f\" data-element_type=\"section\" data-e-type=\"section\" data-settings=\"{&quot;background_background&quot;:&quot;classic&quot;,&quot;background_motion_fx_motion_fx_scrolling&quot;:&quot;yes&quot;,&quot;background_motion_fx_translateY_effect&quot;:&quot;yes&quot;,&quot;background_motion_fx_translateY_speed&quot;:{&quot;unit&quot;:&quot;px&quot;,&quot;size&quot;:3,&quot;sizes&quot;:[]},&quot;background_motion_fx_translateY_affectedRange&quot;:{&quot;unit&quot;:&quot;%&quot;,&quot;size&quot;:&quot;&quot;,&quot;sizes&quot;:{&quot;start&quot;:20,&quot;end&quot;:80}},&quot;background_motion_fx_devices&quot;:[&quot;desktop&quot;,&quot;tablet&quot;,&quot;mobile&quot;]}\">\n\t\t\t\t\t\t\t<div class=\"elementor-background-overlay\"><\/div>\n\t\t\t\t\t\t\t<div class=\"elementor-container elementor-column-gap-no\">\n\t\t\t\t\t<div class=\"elementor-column elementor-col-100 elementor-top-column elementor-element elementor-element-38a2ffe\" data-id=\"38a2ffe\" data-element_type=\"column\" data-e-type=\"column\">\n\t\t\t<div class=\"elementor-widget-wrap elementor-element-populated\">\n\t\t\t\t\t\t<div class=\"elementor-element elementor-element-c656e84 elementor-widget elementor-widget-heading\" data-id=\"c656e84\" data-element_type=\"widget\" data-e-type=\"widget\" data-widget_type=\"heading.default\">\n\t\t\t\t\t<h2 class=\"elementor-heading-title elementor-size-default\">IMPRIMER<\/h2>\t\t\t\t<\/div>\n\t\t\t\t\t<\/div>\n\t\t<\/div>\n\t\t\t\t\t<\/div>\n\t\t<\/div>\n\t\t\t\t<div class=\"elementor-section elementor-top-section elementor-element elementor-element-e810022 elementor-section-boxed elementor-section-height-default elementor-section-height-default wpr-particle-no wpr-jarallax-no wpr-parallax-no wpr-sticky-section-no\" data-id=\"e810022\" data-element_type=\"section\" data-e-type=\"section\" data-settings=\"{&quot;background_background&quot;:&quot;classic&quot;}\">\n\t\t\t\t\t\t<div class=\"elementor-container elementor-column-gap-no\">\n\t\t\t\t\t<div class=\"elementor-column elementor-col-100 elementor-top-column elementor-element elementor-element-cdcd0b7\" data-id=\"cdcd0b7\" data-element_type=\"column\" data-e-type=\"column\">\n\t\t\t<div class=\"elementor-widget-wrap elementor-element-populated\">\n\t\t\t\t\t\t<div class=\"elementor-element elementor-element-84ba9e4 elementor-widget elementor-widget-heading\" data-id=\"84ba9e4\" data-element_type=\"widget\" data-e-type=\"widget\" data-widget_type=\"heading.default\">\n\t\t\t\t\t<h2 class=\"elementor-heading-title elementor-size-default\">IMPRIMER<\/h2>\t\t\t\t<\/div>\n\t\t\t\t<div class=\"elementor-element elementor-element-cfc6ece elementor-widget elementor-widget-text-editor\" data-id=\"cfc6ece\" data-element_type=\"widget\" data-e-type=\"widget\" data-widget_type=\"text-editor.default\">\n\t\t\t\t\t\t\t\t\t<p>Responsable du contenu des pages<\/p><p>TRISKELL Lifestyle GmbH<br \/>Andrea Christina R\u00fccker<br \/>Rue principale 26<br \/>4565 Recherswil<\/p><p>info@triskell.ch<\/p><p>T\u00e9l\u00e9phone : +41 (0)79 738 59 94<\/p><p>UID : CHE-186.998.925<\/p><p>Copyright<\/p><p>Le copyright pour tous les contenus de ce site web appartient \u00e0 TRISKELL Lifestyle GmbH.<\/p><p>Clause de non-responsabilit\u00e9<\/p><p>Tous les textes et liens ont \u00e9t\u00e9 soigneusement v\u00e9rifi\u00e9s et sont actualis\u00e9s en permanence. Nous nous effor\u00e7ons de fournir des informations correctes et compl\u00e8tes sur ce site, mais nous n\u2019assumons aucune responsabilit\u00e9, garantie ou responsabilit\u00e9 quant \u00e0 l\u2019exactitude, l\u2019exhaustivit\u00e9 ou l\u2019actualit\u00e9 des informations fournies par le biais de ce site. Nous nous r\u00e9servons le droit de modifier \u00e0 tout moment et sans pr\u00e9avis les informations contenues dans ce site web et nous ne nous engageons pas non plus \u00e0 mettre \u00e0 jour les informations contenues. L\u2019exactitude de tous les liens vers des fournisseurs externes a \u00e9t\u00e9 v\u00e9rifi\u00e9e au moment de leur inclusion, mais nous ne sommes pas responsables du contenu et de la disponibilit\u00e9 des sites web accessibles par des hyperliens. Seul le fournisseur de la page \u00e0 laquelle il a \u00e9t\u00e9 fait r\u00e9f\u00e9rence est responsable des contenus ill\u00e9gaux, erron\u00e9s ou incomplets et en particulier des dommages caus\u00e9s par les contenus des pages li\u00e9es. Peu importe que le dommage soit de nature directe, indirecte ou financi\u00e8re ou qu\u2019il s\u2019agisse d\u2019un autre dommage pouvant r\u00e9sulter d\u2019une perte de donn\u00e9es, d\u2019une perte d\u2019utilisation ou d\u2019autres causes de toute nature.<\/p>\t\t\t\t\t\t\t\t<\/div>\n\t\t\t\t\t<\/div>\n\t\t<\/div>\n\t\t\t\t\t<\/div>\n\t\t<\/div>\n\t\t\t\t<\/div>\n\t\t","protected":false},"excerpt":{"rendered":"<p>IMPRIMER IMPRIMER Responsable du contenu des pages TRISKELL Lifestyle GmbHAndrea Christina R\u00fcckerRue principale 264565 Recherswil info@triskell.ch T\u00e9l\u00e9phone : +41 (0)79 738 59 94 UID : CHE-186.998.925 Copyright Le copyright pour tous les contenus de ce site web<\/p>\n","protected":false},"author":1,"featured_media":0,"parent":0,"menu_order":0,"comment_status":"closed","ping_status":"closed","template":"","meta":{"_acf_changed":false,"footnotes":""},"class_list":["post-4467","page","type-page","status-publish","hentry"],"acf":[],"_links":{"self":[{"href":"https:\/\/triskell.ch\/fr\/wp-json\/wp\/v2\/pages\/4467","targetHints":{"allow":["GET"]}}],"collection":[{"href":"https:\/\/triskell.ch\/fr\/wp-json\/wp\/v2\/pages"}],"about":[{"href":"https:\/\/triskell.ch\/fr\/wp-json\/wp\/v2\/types\/page"}],"author":[{"embeddable":true,"href":"https:\/\/triskell.ch\/fr\/wp-json\/wp\/v2\/users\/1"}],"replies":[{"embeddable":true,"href":"https:\/\/triskell.ch\/fr\/wp-json\/wp\/v2\/comments?post=4467"}],"version-history":[{"count":31,"href":"https:\/\/triskell.ch\/fr\/wp-json\/wp\/v2\/pages\/4467\/revisions"}],"predecessor-version":[{"id":9753,"href":"https:\/\/triskell.ch\/fr\/wp-json\/wp\/v2\/pages\/4467\/revisions\/9753"}],"wp:attachment":[{"href":"https:\/\/triskell.ch\/fr\/wp-json\/wp\/v2\/media?parent=4467"}],"curies":[{"name":"wp","href":"https:\/\/api.w.org\/{rel}","templated":true}]}}